{"id":583,"date":"2017-10-10T13:42:27","date_gmt":"2017-10-10T13:42:27","guid":{"rendered":"https:\/\/villaspelion.eu\/new\/?page_id=438"},"modified":"2017-10-10T13:42:27","modified_gmt":"2017-10-10T13:42:27","slug":"winter-2","status":"publish","type":"page","link":"https:\/\/villaspelion.eu\/new\/de\/natur\/winter-2\/","title":{"rendered":"Winter"},"content":{"rendered":"<div class=\"itemHeader\">\n<h1 class=\"itemTitle\"><strong>Winter<\/strong><\/h1>\n<\/div>\n<div class=\"itemIntroText\">\n<h3><img loading=\"lazy\" decoding=\"async\" class=\"alignleft wp-image-456\" src=\"https:\/\/villaspelion.eu\/new\/wp-content\/uploads\/winter2-300x169.jpg\" alt=\"\" width=\"450\" height=\"253\" srcset=\"https:\/\/villaspelion.eu\/new\/wp-content\/uploads\/winter2-300x169.jpg 300w, https:\/\/villaspelion.eu\/new\/wp-content\/uploads\/winter2-768x432.jpg 768w, https:\/\/villaspelion.eu\/new\/wp-content\/uploads\/winter2.jpg 900w\" sizes=\"(max-width: 450px) 100vw, 450px\" \/>Die Kombination aus Bergen und Meer machen Pilion eine sehr besondere und magische Ziel f\u00fcr alle Jahreszeiten.<\/h3>\n<\/div>\n<div class=\"itemFullText\">\n<h3>Winter<br \/>einbruch, die Tage k\u00fcrzer, kaltes Wetter sind, und die letzten gelben Bl\u00e4tter fallen auf den Boden, die Aufdeckung der \u00e4sthetische Einfachheit des Gebiets. Durch die N\u00e4he vom Meer nicht get\u00e4uscht. Winter k\u00f6nnen hier schwer sein und Pilion ist bereit, sie willkommen zu hei\u00dfen.<\/h3>\n<h3>Schneef\u00e4lle decken die Gipfel des Berges sehr oft und alles ist Baumwolle-wei\u00df \u00fcber 500m. Bergwege zu schlie\u00dfen, obwohl die zentralen Hauptstra\u00dfe ist immer offen und Schnee Maschinenarbeit extra hart auf die Hauptroute zug\u00e4nglich zu halten. Stra\u00dfen sind rutschig, aber vor allem bei N\u00e4sse, und bei dichtem Nebel f\u00e4llt, macht es ein bisschen schwierig zu fahren. In diesen F\u00e4llen, die Treiber m\u00fcssen besonders vorsichtig Verwendung von Rad &#8211; Ketten wird empfohlen. Dennoch variie<a href=\"http:\/\/www.pelionweb.gr\/en\/plirofories\/o_kairos_sto_pilio\/\">ren Wetterbedingung<\/a>en entsprechend der H\u00f6henlage.<\/h3>\n<h3>Das Skizentrum in Chania, zusammen mit anderen verschiedenen Winteraktivit\u00e4ten sind in ihrer ganzen Pracht. Wie oft k\u00f6nnen Sie auf einem Berghang mit als Ansicht das endlose blaue Wasser des \u00c4g\u00e4ischen Meeres fahren? Am Pilion dieses sehr wahrscheinliche fans bietet des Skis ein einmaliges Erlebnis. Ein Spaziergang in den Bergen ist ein weiteres Vergn\u00fcgen, vorausgesetzt Sie mit warmer Kleidung und Schuhwerk ausger\u00fcstet sind.<\/h3>\n<h3>H\u00f6lzerne brennende Kamine nie aufh\u00f6ren, und der Geruch von gebratenen Kastanien erinnert an gl\u00fcckliche Erinnerungen aus der Vergangenheit und belebt die Sinne. Tavernen und Restaurants sind mehr als bereit, bietet leckere lokale Gerichte, Hausweine und &quot;Tsipouro&quot; \u2013 die eigene Produktion sehr oft Besucher begr\u00fc\u00dfen zu d\u00fcrfen.<\/h3>\n<h3><a href=\"http:\/\/www.pelionweb.gr\/en\/diaskedasi_fagito\/tavernes_sto_pilio_taverns_in_pelion_greece\/\">Vor ei<\/a>nem Kamin mit Freunden Essen, mit einem nach Drink sp\u00e4t in der <a href=\"http:\/\/www.pelionweb.gr\/en\/diaskedasi_fagito\/diaskedasi_sto_pilio_coffee_and_bars_in_pelion_greece\/\">Nacht <\/a><u>o<\/u>der einfach nur zum Entspannen mit Menschen die du liebst, die sind nur einige der M\u00f6glichkeiten im Winter. Die Entscheidung liegt bei Ihnen allein&#8230; Und das ist fast wie Winter in Pelion ausgegeben wird; w\u00e4hrend die Tage l\u00e4nger werden, passieren kleine Schilder und gro\u00dfe Ver\u00e4nderungen, w\u00e4hrend Fr\u00fchling sich n\u00e4hert.<\/h3>\n<\/div>\n","protected":false},"excerpt":{"rendered":"<p>Winter Die Kombination aus Bergen und Meer machen Pilion eine sehr besondere und magische Ziel f\u00fcr alle Jahreszeiten. Wintereinbruch, die Tage k\u00fcrzer, kaltes Wetter sind, und die letzten gelben Bl\u00e4tter fallen auf den Boden, die Aufdeckung der \u00e4sthetische Einfachheit des Gebiets. Durch die N\u00e4he vom Meer nicht get\u00e4uscht. Winter k\u00f6nnen hier schwer sein und Pilion [&hellip;]<\/p>\n","protected":false},"author":1,"featured_media":0,"parent":575,"menu_order":0,"comment_status":"closed","ping_status":"closed","template":"","meta":{"footnotes":""},"class_list":["post-583","page","type-page","status-publish","hentry"],"yoast_head":"<!-- This site is optimized with the Yoast SEO plugin v23.8 - https:\/\/yoast.com\/wordpress\/plugins\/seo\/ -->\n<title>Winter | Villas in Pelion<\/title>\n<meta name=\"robots\" content=\"index, follow, max-snippet:-1, max-image-preview:large, max-video-preview:-1\" \/>\n<link rel=\"canonical\" href=\"https:\/\/villaspelion.eu\/new\/de\/natur\/winter-2\/\" \/>\n<meta property=\"og:locale\" content=\"en_US\" \/>\n<meta property=\"og:type\" content=\"article\" \/>\n<meta property=\"og:title\" content=\"Winter | Villas in Pelion\" \/>\n<meta property=\"og:description\" content=\"Winter Die Kombination aus Bergen und Meer machen Pilion eine sehr besondere und magische Ziel f\u00fcr alle Jahreszeiten. Wintereinbruch, die Tage k\u00fcrzer, kaltes Wetter sind, und die letzten gelben Bl\u00e4tter fallen auf den Boden, die Aufdeckung der \u00e4sthetische Einfachheit des Gebiets. Durch die N\u00e4he vom Meer nicht get\u00e4uscht. Winter k\u00f6nnen hier schwer sein und Pilion [&hellip;]\" \/>\n<meta property=\"og:url\" content=\"https:\/\/villaspelion.eu\/new\/de\/natur\/winter-2\/\" \/>\n<meta property=\"og:site_name\" content=\"Villas in Pelion\" \/>\n<meta property=\"og:image\" content=\"https:\/\/villaspelion.eu\/new\/wp-content\/uploads\/winter2.jpg\" \/>\n\t<meta property=\"og:image:width\" content=\"900\" \/>\n\t<meta property=\"og:image:height\" content=\"506\" \/>\n\t<meta property=\"og:image:type\" content=\"image\/jpeg\" \/>\n<meta name=\"twitter:card\" content=\"summary_large_image\" \/>\n<meta name=\"twitter:label1\" content=\"Est. reading time\" \/>\n\t<meta name=\"twitter:data1\" content=\"2 minutes\" \/>\n<script type=\"application\/ld+json\" class=\"yoast-schema-graph\">{\"@context\":\"https:\/\/schema.org\",\"@graph\":[{\"@type\":\"WebPage\",\"@id\":\"https:\/\/villaspelion.eu\/new\/de\/natur\/winter-2\/\",\"url\":\"https:\/\/villaspelion.eu\/new\/de\/natur\/winter-2\/\",\"name\":\"Winter | Villas in Pelion\",\"isPartOf\":{\"@id\":\"https:\/\/villaspelion.eu\/new\/#website\"},\"primaryImageOfPage\":{\"@id\":\"https:\/\/villaspelion.eu\/new\/de\/natur\/winter-2\/#primaryimage\"},\"image\":{\"@id\":\"https:\/\/villaspelion.eu\/new\/de\/natur\/winter-2\/#primaryimage\"},\"thumbnailUrl\":\"https:\/\/villaspelion.eu\/new\/wp-content\/uploads\/winter2-300x169.jpg\",\"datePublished\":\"2017-10-10T13:42:27+00:00\",\"dateModified\":\"2017-10-10T13:42:27+00:00\",\"breadcrumb\":{\"@id\":\"https:\/\/villaspelion.eu\/new\/de\/natur\/winter-2\/#breadcrumb\"},\"inLanguage\":\"en-US\",\"potentialAction\":[{\"@type\":\"ReadAction\",\"target\":[\"https:\/\/villaspelion.eu\/new\/de\/natur\/winter-2\/\"]}]},{\"@type\":\"ImageObject\",\"inLanguage\":\"en-US\",\"@id\":\"https:\/\/villaspelion.eu\/new\/de\/natur\/winter-2\/#primaryimage\",\"url\":\"https:\/\/villaspelion.eu\/new\/wp-content\/uploads\/winter2.jpg\",\"contentUrl\":\"https:\/\/villaspelion.eu\/new\/wp-content\/uploads\/winter2.jpg\",\"width\":900,\"height\":506},{\"@type\":\"BreadcrumbList\",\"@id\":\"https:\/\/villaspelion.eu\/new\/de\/natur\/winter-2\/#breadcrumb\",\"itemListElement\":[{\"@type\":\"ListItem\",\"position\":1,\"name\":\"Home\",\"item\":\"https:\/\/villaspelion.eu\/new\/\"},{\"@type\":\"ListItem\",\"position\":2,\"name\":\"Natur\",\"item\":\"https:\/\/villaspelion.eu\/new\/de\/natur\/\"},{\"@type\":\"ListItem\",\"position\":3,\"name\":\"Winter\"}]},{\"@type\":\"WebSite\",\"@id\":\"https:\/\/villaspelion.eu\/new\/#website\",\"url\":\"https:\/\/villaspelion.eu\/new\/\",\"name\":\"Villas in Pelion\",\"description\":\"Villas for sale in Pelion\",\"potentialAction\":[{\"@type\":\"SearchAction\",\"target\":{\"@type\":\"EntryPoint\",\"urlTemplate\":\"https:\/\/villaspelion.eu\/new\/?s={search_term_string}\"},\"query-input\":{\"@type\":\"PropertyValueSpecification\",\"valueRequired\":true,\"valueName\":\"search_term_string\"}}],\"inLanguage\":\"en-US\"}]}<\/script>\n<!-- \/ Yoast SEO plugin. -->","yoast_head_json":{"title":"Winter | Villas in Pelion","robots":{"index":"index","follow":"follow","max-snippet":"max-snippet:-1","max-image-preview":"max-image-preview:large","max-video-preview":"max-video-preview:-1"},"canonical":"https:\/\/villaspelion.eu\/new\/de\/natur\/winter-2\/","og_locale":"en_US","og_type":"article","og_title":"Winter | Villas in Pelion","og_description":"Winter Die Kombination aus Bergen und Meer machen Pilion eine sehr besondere und magische Ziel f\u00fcr alle Jahreszeiten. Wintereinbruch, die Tage k\u00fcrzer, kaltes Wetter sind, und die letzten gelben Bl\u00e4tter fallen auf den Boden, die Aufdeckung der \u00e4sthetische Einfachheit des Gebiets. Durch die N\u00e4he vom Meer nicht get\u00e4uscht. Winter k\u00f6nnen hier schwer sein und Pilion [&hellip;]","og_url":"https:\/\/villaspelion.eu\/new\/de\/natur\/winter-2\/","og_site_name":"Villas in Pelion","og_image":[{"width":900,"height":506,"url":"https:\/\/villaspelion.eu\/new\/wp-content\/uploads\/winter2.jpg","type":"image\/jpeg"}],"twitter_card":"summary_large_image","twitter_misc":{"Est. reading time":"2 minutes"},"schema":{"@context":"https:\/\/schema.org","@graph":[{"@type":"WebPage","@id":"https:\/\/villaspelion.eu\/new\/de\/natur\/winter-2\/","url":"https:\/\/villaspelion.eu\/new\/de\/natur\/winter-2\/","name":"Winter | Villas in Pelion","isPartOf":{"@id":"https:\/\/villaspelion.eu\/new\/#website"},"primaryImageOfPage":{"@id":"https:\/\/villaspelion.eu\/new\/de\/natur\/winter-2\/#primaryimage"},"image":{"@id":"https:\/\/villaspelion.eu\/new\/de\/natur\/winter-2\/#primaryimage"},"thumbnailUrl":"https:\/\/villaspelion.eu\/new\/wp-content\/uploads\/winter2-300x169.jpg","datePublished":"2017-10-10T13:42:27+00:00","dateModified":"2017-10-10T13:42:27+00:00","breadcrumb":{"@id":"https:\/\/villaspelion.eu\/new\/de\/natur\/winter-2\/#breadcrumb"},"inLanguage":"en-US","potentialAction":[{"@type":"ReadAction","target":["https:\/\/villaspelion.eu\/new\/de\/natur\/winter-2\/"]}]},{"@type":"ImageObject","inLanguage":"en-US","@id":"https:\/\/villaspelion.eu\/new\/de\/natur\/winter-2\/#primaryimage","url":"https:\/\/villaspelion.eu\/new\/wp-content\/uploads\/winter2.jpg","contentUrl":"https:\/\/villaspelion.eu\/new\/wp-content\/uploads\/winter2.jpg","width":900,"height":506},{"@type":"BreadcrumbList","@id":"https:\/\/villaspelion.eu\/new\/de\/natur\/winter-2\/#breadcrumb","itemListElement":[{"@type":"ListItem","position":1,"name":"Home","item":"https:\/\/villaspelion.eu\/new\/"},{"@type":"ListItem","position":2,"name":"Natur","item":"https:\/\/villaspelion.eu\/new\/de\/natur\/"},{"@type":"ListItem","position":3,"name":"Winter"}]},{"@type":"WebSite","@id":"https:\/\/villaspelion.eu\/new\/#website","url":"https:\/\/villaspelion.eu\/new\/","name":"Villas in Pelion","description":"Villas for sale in Pelion","potentialAction":[{"@type":"SearchAction","target":{"@type":"EntryPoint","urlTemplate":"https:\/\/villaspelion.eu\/new\/?s={search_term_string}"},"query-input":{"@type":"PropertyValueSpecification","valueRequired":true,"valueName":"search_term_string"}}],"inLanguage":"en-US"}]}},"_links":{"self":[{"href":"https:\/\/villaspelion.eu\/new\/wp-json\/wp\/v2\/pages\/583"}],"collection":[{"href":"https:\/\/villaspelion.eu\/new\/wp-json\/wp\/v2\/pages"}],"about":[{"href":"https:\/\/villaspelion.eu\/new\/wp-json\/wp\/v2\/types\/page"}],"author":[{"embeddable":true,"href":"https:\/\/villaspelion.eu\/new\/wp-json\/wp\/v2\/users\/1"}],"replies":[{"embeddable":true,"href":"https:\/\/villaspelion.eu\/new\/wp-json\/wp\/v2\/comments?post=583"}],"version-history":[{"count":0,"href":"https:\/\/villaspelion.eu\/new\/wp-json\/wp\/v2\/pages\/583\/revisions"}],"up":[{"embeddable":true,"href":"https:\/\/villaspelion.eu\/new\/wp-json\/wp\/v2\/pages\/575"}],"wp:attachment":[{"href":"https:\/\/villaspelion.eu\/new\/wp-json\/wp\/v2\/media?parent=583"}],"curies":[{"name":"wp","href":"https:\/\/api.w.org\/{rel}","templated":true}]}}