{"id":582,"date":"2017-10-10T13:39:18","date_gmt":"2017-10-10T13:39:18","guid":{"rendered":"https:\/\/villaspelion.eu\/new\/?page_id=433"},"modified":"2017-10-10T13:39:18","modified_gmt":"2017-10-10T13:39:18","slug":"sommer-2","status":"publish","type":"page","link":"https:\/\/villaspelion.eu\/new\/de\/natur\/sommer-2\/","title":{"rendered":"Sommer"},"content":{"rendered":"<div class=\"itemHeader\">\n<h1 class=\"itemTitle\"><strong>Sommer<\/strong><\/h1>\n<\/div>\n<div class=\"itemIntroText\">\n<h3><img loading=\"lazy\" decoding=\"async\" class=\"alignleft wp-image-450\" src=\"https:\/\/villaspelion.eu\/new\/wp-content\/uploads\/Summer-300x169.jpg\" alt=\"\" width=\"450\" height=\"253\" \/>Die Kombination aus Bergen und Meer machen Pilion eine sehr besondere und magische Ziel f\u00fcr alle Jahreszeiten.<\/h3>\n<\/div>\n<div class=\"itemFullText\">\n<h3>Sommer<br \/> ist das Paradies! Die Seeseite D\u00f6rfer sind bereits angezogen und bereit zu gehen! Hotels, Zimmer und Restaurants gemietet sind bereit, Besucher willkommen zu hei\u00dfen. Bergd\u00f6rfer, eingeh\u00fcllt in ihre \u00fcppige Vegetation, sind bereit, k\u00fchle in den warmen Sommermonaten bieten.<\/h3>\n<h3>Die W\u00e4lder sind jetzt f\u00fcr jedermann zug\u00e4nglich. Ausgewiesenen Wegen und Pfaden bieten den Besuchern die M\u00f6glichkeit, Amist zu Fu\u00df sch\u00f6ne Landschaft und Natur in vollen Z\u00fcgen zu genie\u00dfen.<\/h3>\n<h3>Die Str\u00e4nde rund um den Golf von Pagasitikos und der \u00c4g\u00e4is sind \u00fcberf\u00fcllt; St\u00fchle und Tische setzen auf Pl\u00e4tzen und unter schattigen Platanen. Diejenigen, die vermeiden m\u00f6chten, k\u00f6nnen die N\u00e4he zum Meer immer auf das Bergdorf bleiben aber immer noch das Meer zu genie\u00dfen, da der Zugang zu vielen Str\u00e4nden ist schnell und einfach<\/h3>\n<h3>\u00dcberf\u00fcllte Str\u00e4nde, vor allem im Laufe des Monats August, ist der einzige Nachteil zu erw\u00e4hnen. Menschen, die sich am oder um den Pilion, finde zeigen jedoch wirklich etwas Verst\u00e4ndnis \u00fcber die \u00f6rtlichen Gesch\u00e4fte wie Eigent\u00fcmer ihre eigenen Kampf um jeden zufrieden geben.<\/h3>\n<\/div>\n","protected":false},"excerpt":{"rendered":"<p>Sommer Die Kombination aus Bergen und Meer machen Pilion eine sehr besondere und magische Ziel f\u00fcr alle Jahreszeiten. Sommer ist das Paradies! Die Seeseite D\u00f6rfer sind bereits angezogen und bereit zu gehen! Hotels, Zimmer und Restaurants gemietet sind bereit, Besucher willkommen zu hei\u00dfen. Bergd\u00f6rfer, eingeh\u00fcllt in ihre \u00fcppige Vegetation, sind bereit, k\u00fchle in den warmen [&hellip;]<\/p>\n","protected":false},"author":1,"featured_media":0,"parent":575,"menu_order":0,"comment_status":"closed","ping_status":"closed","template":"","meta":{"footnotes":""},"class_list":["post-582","page","type-page","status-publish","hentry"],"yoast_head":"<!-- This site is optimized with the Yoast SEO plugin v23.8 - https:\/\/yoast.com\/wordpress\/plugins\/seo\/ -->\n<title>Sommer | Villas in Pelion<\/title>\n<meta name=\"robots\" content=\"index, follow, max-snippet:-1, max-image-preview:large, max-video-preview:-1\" \/>\n<link rel=\"canonical\" href=\"https:\/\/villaspelion.eu\/new\/de\/natur\/sommer-2\/\" \/>\n<meta property=\"og:locale\" content=\"en_US\" \/>\n<meta property=\"og:type\" content=\"article\" \/>\n<meta property=\"og:title\" content=\"Sommer | Villas in Pelion\" \/>\n<meta property=\"og:description\" content=\"Sommer Die Kombination aus Bergen und Meer machen Pilion eine sehr besondere und magische Ziel f\u00fcr alle Jahreszeiten. Sommer ist das Paradies! Die Seeseite D\u00f6rfer sind bereits angezogen und bereit zu gehen! Hotels, Zimmer und Restaurants gemietet sind bereit, Besucher willkommen zu hei\u00dfen. Bergd\u00f6rfer, eingeh\u00fcllt in ihre \u00fcppige Vegetation, sind bereit, k\u00fchle in den warmen [&hellip;]\" \/>\n<meta property=\"og:url\" content=\"https:\/\/villaspelion.eu\/new\/de\/natur\/sommer-2\/\" \/>\n<meta property=\"og:site_name\" content=\"Villas in Pelion\" \/>\n<meta name=\"twitter:card\" content=\"summary_large_image\" \/>\n<meta name=\"twitter:label1\" content=\"Est. reading time\" \/>\n\t<meta name=\"twitter:data1\" content=\"1 minute\" \/>\n<script type=\"application\/ld+json\" class=\"yoast-schema-graph\">{\"@context\":\"https:\/\/schema.org\",\"@graph\":[{\"@type\":\"WebPage\",\"@id\":\"https:\/\/villaspelion.eu\/new\/de\/natur\/sommer-2\/\",\"url\":\"https:\/\/villaspelion.eu\/new\/de\/natur\/sommer-2\/\",\"name\":\"Sommer | Villas in Pelion\",\"isPartOf\":{\"@id\":\"https:\/\/villaspelion.eu\/new\/#website\"},\"primaryImageOfPage\":{\"@id\":\"https:\/\/villaspelion.eu\/new\/de\/natur\/sommer-2\/#primaryimage\"},\"image\":{\"@id\":\"https:\/\/villaspelion.eu\/new\/de\/natur\/sommer-2\/#primaryimage\"},\"thumbnailUrl\":\"https:\/\/villaspelion.eu\/new\/wp-content\/uploads\/Summer-300x169.jpg\",\"datePublished\":\"2017-10-10T13:39:18+00:00\",\"dateModified\":\"2017-10-10T13:39:18+00:00\",\"breadcrumb\":{\"@id\":\"https:\/\/villaspelion.eu\/new\/de\/natur\/sommer-2\/#breadcrumb\"},\"inLanguage\":\"en-US\",\"potentialAction\":[{\"@type\":\"ReadAction\",\"target\":[\"https:\/\/villaspelion.eu\/new\/de\/natur\/sommer-2\/\"]}]},{\"@type\":\"ImageObject\",\"inLanguage\":\"en-US\",\"@id\":\"https:\/\/villaspelion.eu\/new\/de\/natur\/sommer-2\/#primaryimage\",\"url\":\"\",\"contentUrl\":\"\"},{\"@type\":\"BreadcrumbList\",\"@id\":\"https:\/\/villaspelion.eu\/new\/de\/natur\/sommer-2\/#breadcrumb\",\"itemListElement\":[{\"@type\":\"ListItem\",\"position\":1,\"name\":\"Home\",\"item\":\"https:\/\/villaspelion.eu\/new\/\"},{\"@type\":\"ListItem\",\"position\":2,\"name\":\"Natur\",\"item\":\"https:\/\/villaspelion.eu\/new\/de\/natur\/\"},{\"@type\":\"ListItem\",\"position\":3,\"name\":\"Sommer\"}]},{\"@type\":\"WebSite\",\"@id\":\"https:\/\/villaspelion.eu\/new\/#website\",\"url\":\"https:\/\/villaspelion.eu\/new\/\",\"name\":\"Villas in Pelion\",\"description\":\"Villas for sale in Pelion\",\"potentialAction\":[{\"@type\":\"SearchAction\",\"target\":{\"@type\":\"EntryPoint\",\"urlTemplate\":\"https:\/\/villaspelion.eu\/new\/?s={search_term_string}\"},\"query-input\":{\"@type\":\"PropertyValueSpecification\",\"valueRequired\":true,\"valueName\":\"search_term_string\"}}],\"inLanguage\":\"en-US\"}]}<\/script>\n<!-- \/ Yoast SEO plugin. -->","yoast_head_json":{"title":"Sommer | Villas in Pelion","robots":{"index":"index","follow":"follow","max-snippet":"max-snippet:-1","max-image-preview":"max-image-preview:large","max-video-preview":"max-video-preview:-1"},"canonical":"https:\/\/villaspelion.eu\/new\/de\/natur\/sommer-2\/","og_locale":"en_US","og_type":"article","og_title":"Sommer | Villas in Pelion","og_description":"Sommer Die Kombination aus Bergen und Meer machen Pilion eine sehr besondere und magische Ziel f\u00fcr alle Jahreszeiten. Sommer ist das Paradies! Die Seeseite D\u00f6rfer sind bereits angezogen und bereit zu gehen! Hotels, Zimmer und Restaurants gemietet sind bereit, Besucher willkommen zu hei\u00dfen. Bergd\u00f6rfer, eingeh\u00fcllt in ihre \u00fcppige Vegetation, sind bereit, k\u00fchle in den warmen [&hellip;]","og_url":"https:\/\/villaspelion.eu\/new\/de\/natur\/sommer-2\/","og_site_name":"Villas in Pelion","twitter_card":"summary_large_image","twitter_misc":{"Est. reading time":"1 minute"},"schema":{"@context":"https:\/\/schema.org","@graph":[{"@type":"WebPage","@id":"https:\/\/villaspelion.eu\/new\/de\/natur\/sommer-2\/","url":"https:\/\/villaspelion.eu\/new\/de\/natur\/sommer-2\/","name":"Sommer | Villas in Pelion","isPartOf":{"@id":"https:\/\/villaspelion.eu\/new\/#website"},"primaryImageOfPage":{"@id":"https:\/\/villaspelion.eu\/new\/de\/natur\/sommer-2\/#primaryimage"},"image":{"@id":"https:\/\/villaspelion.eu\/new\/de\/natur\/sommer-2\/#primaryimage"},"thumbnailUrl":"https:\/\/villaspelion.eu\/new\/wp-content\/uploads\/Summer-300x169.jpg","datePublished":"2017-10-10T13:39:18+00:00","dateModified":"2017-10-10T13:39:18+00:00","breadcrumb":{"@id":"https:\/\/villaspelion.eu\/new\/de\/natur\/sommer-2\/#breadcrumb"},"inLanguage":"en-US","potentialAction":[{"@type":"ReadAction","target":["https:\/\/villaspelion.eu\/new\/de\/natur\/sommer-2\/"]}]},{"@type":"ImageObject","inLanguage":"en-US","@id":"https:\/\/villaspelion.eu\/new\/de\/natur\/sommer-2\/#primaryimage","url":"","contentUrl":""},{"@type":"BreadcrumbList","@id":"https:\/\/villaspelion.eu\/new\/de\/natur\/sommer-2\/#breadcrumb","itemListElement":[{"@type":"ListItem","position":1,"name":"Home","item":"https:\/\/villaspelion.eu\/new\/"},{"@type":"ListItem","position":2,"name":"Natur","item":"https:\/\/villaspelion.eu\/new\/de\/natur\/"},{"@type":"ListItem","position":3,"name":"Sommer"}]},{"@type":"WebSite","@id":"https:\/\/villaspelion.eu\/new\/#website","url":"https:\/\/villaspelion.eu\/new\/","name":"Villas in Pelion","description":"Villas for sale in Pelion","potentialAction":[{"@type":"SearchAction","target":{"@type":"EntryPoint","urlTemplate":"https:\/\/villaspelion.eu\/new\/?s={search_term_string}"},"query-input":{"@type":"PropertyValueSpecification","valueRequired":true,"valueName":"search_term_string"}}],"inLanguage":"en-US"}]}},"_links":{"self":[{"href":"https:\/\/villaspelion.eu\/new\/wp-json\/wp\/v2\/pages\/582"}],"collection":[{"href":"https:\/\/villaspelion.eu\/new\/wp-json\/wp\/v2\/pages"}],"about":[{"href":"https:\/\/villaspelion.eu\/new\/wp-json\/wp\/v2\/types\/page"}],"author":[{"embeddable":true,"href":"https:\/\/villaspelion.eu\/new\/wp-json\/wp\/v2\/users\/1"}],"replies":[{"embeddable":true,"href":"https:\/\/villaspelion.eu\/new\/wp-json\/wp\/v2\/comments?post=582"}],"version-history":[{"count":0,"href":"https:\/\/villaspelion.eu\/new\/wp-json\/wp\/v2\/pages\/582\/revisions"}],"up":[{"embeddable":true,"href":"https:\/\/villaspelion.eu\/new\/wp-json\/wp\/v2\/pages\/575"}],"wp:attachment":[{"href":"https:\/\/villaspelion.eu\/new\/wp-json\/wp\/v2\/media?parent=582"}],"curies":[{"name":"wp","href":"https:\/\/api.w.org\/{rel}","templated":true}]}}