{"id":579,"date":"2017-10-10T13:39:09","date_gmt":"2017-10-10T13:39:09","guid":{"rendered":"https:\/\/villaspelion.eu\/new\/?page_id=431"},"modified":"2017-10-10T13:39:09","modified_gmt":"2017-10-10T13:39:09","slug":"spring","status":"publish","type":"page","link":"https:\/\/villaspelion.eu\/new\/de\/natur\/spring\/","title":{"rendered":"Fr\u00fchling"},"content":{"rendered":"<div class=\"itemHeader\">\n<h1 class=\"itemTitle\"><strong>Fr\u00fchling<\/strong><\/h1>\n<\/div>\n<div class=\"itemIntroText\">\n<h3><strong><img loading=\"lazy\" decoding=\"async\" class=\"alignleft wp-image-447\" src=\"https:\/\/villaspelion.eu\/new\/wp-content\/uploads\/spring-300x200.jpg\" alt=\"\" width=\"450\" height=\"300\" srcset=\"https:\/\/villaspelion.eu\/new\/wp-content\/uploads\/spring-300x200.jpg 300w, https:\/\/villaspelion.eu\/new\/wp-content\/uploads\/spring-768x512.jpg 768w, https:\/\/villaspelion.eu\/new\/wp-content\/uploads\/spring.jpg 900w\" sizes=\"(max-width: 450px) 100vw, 450px\" \/><\/strong>Die Kombination aus Bergen und Meer machen Pilion eine sehr besondere und magische Ziel f\u00fcr alle Jahreszeiten.<\/h3>\n<\/div>\n<div class=\"itemFullText\">\n<h3>Fr\u00fchli<br \/>ng des &quot;Orgasmus&quot; der Natur! Dies ist wahrscheinlich der einzige Weg zu beschreiben, was passiert im Pilion im Fr\u00fchjahr!!! Das wei\u00df des Schnees verschwindet, macht Platz f\u00fcr die sch\u00f6nen wei\u00dfen Bl\u00fcten von Apple und Mandel B\u00e4umen, w\u00e4hrend Kirschbl\u00fcten kommen die magische Landschaft ihre Anmut hinzu. Wenn Sie einen Geschmack des Pilion in ihrer Gr\u00f6\u00dfe haben m\u00f6chten, ist der Fr\u00fchling Ihr gr\u00f6\u00dfter Ziel.<\/h3>\n<h3>Entlang der Piste vom Fu\u00dfe des Berges zu den h\u00f6chsten Gipfeln und F\u00fclle von wilden Blumen bedecken Sie den Boden. Hausg\u00e4rten sind voller Rosen, Nelken, Garnenias, M\u00fctter und andere weniger bekannten fantastische Sorten von Blumen erwartet die Heiligen Tage des Osterfestes.<\/h3>\n<h3>Diejenigen, die wissen, um Speisepilze zu erkennen finden Pilion ein ideales Reiseziel, eine Vielzahl von Pilzen Fr\u00fchjahr unter den schattigen Teil des Waldes, an den Flussufern oder unter den umgest\u00fcrzten Baum Bl\u00e4tter. Sehen Sie Fr\u00fchling in Pelion, man riecht es, man sp\u00fcrt es&#8230;<\/h3>\n<\/div>\n","protected":false},"excerpt":{"rendered":"<p>Fr\u00fchling Die Kombination aus Bergen und Meer machen Pilion eine sehr besondere und magische Ziel f\u00fcr alle Jahreszeiten. Fr\u00fchling des &quot;Orgasmus&quot; der Natur! Dies ist wahrscheinlich der einzige Weg zu beschreiben, was passiert im Pilion im Fr\u00fchjahr!!! Das wei\u00df des Schnees verschwindet, macht Platz f\u00fcr die sch\u00f6nen wei\u00dfen Bl\u00fcten von Apple und Mandel B\u00e4umen, w\u00e4hrend [&hellip;]<\/p>\n","protected":false},"author":1,"featured_media":0,"parent":575,"menu_order":0,"comment_status":"closed","ping_status":"closed","template":"","meta":{"footnotes":""},"class_list":["post-579","page","type-page","status-publish","hentry"],"yoast_head":"<!-- This site is optimized with the Yoast SEO plugin v23.8 - https:\/\/yoast.com\/wordpress\/plugins\/seo\/ -->\n<title>Fr\u00fchling | Villas in Pelion<\/title>\n<meta name=\"robots\" content=\"index, follow, max-snippet:-1, max-image-preview:large, max-video-preview:-1\" \/>\n<link rel=\"canonical\" href=\"https:\/\/villaspelion.eu\/new\/de\/natur\/spring\/\" \/>\n<meta property=\"og:locale\" content=\"en_US\" \/>\n<meta property=\"og:type\" content=\"article\" \/>\n<meta property=\"og:title\" content=\"Fr\u00fchling | Villas in Pelion\" \/>\n<meta property=\"og:description\" content=\"Fr\u00fchling Die Kombination aus Bergen und Meer machen Pilion eine sehr besondere und magische Ziel f\u00fcr alle Jahreszeiten. Fr\u00fchling des &quot;Orgasmus&quot; der Natur! Dies ist wahrscheinlich der einzige Weg zu beschreiben, was passiert im Pilion im Fr\u00fchjahr!!! Das wei\u00df des Schnees verschwindet, macht Platz f\u00fcr die sch\u00f6nen wei\u00dfen Bl\u00fcten von Apple und Mandel B\u00e4umen, w\u00e4hrend [&hellip;]\" \/>\n<meta property=\"og:url\" content=\"https:\/\/villaspelion.eu\/new\/de\/natur\/spring\/\" \/>\n<meta property=\"og:site_name\" content=\"Villas in Pelion\" \/>\n<meta property=\"og:image\" content=\"https:\/\/villaspelion.eu\/new\/wp-content\/uploads\/spring.jpg\" \/>\n\t<meta property=\"og:image:width\" content=\"900\" \/>\n\t<meta property=\"og:image:height\" content=\"600\" \/>\n\t<meta property=\"og:image:type\" content=\"image\/jpeg\" \/>\n<meta name=\"twitter:card\" content=\"summary_large_image\" \/>\n<meta name=\"twitter:label1\" content=\"Est. reading time\" \/>\n\t<meta name=\"twitter:data1\" content=\"1 minute\" \/>\n<script type=\"application\/ld+json\" class=\"yoast-schema-graph\">{\"@context\":\"https:\/\/schema.org\",\"@graph\":[{\"@type\":\"WebPage\",\"@id\":\"https:\/\/villaspelion.eu\/new\/de\/natur\/spring\/\",\"url\":\"https:\/\/villaspelion.eu\/new\/de\/natur\/spring\/\",\"name\":\"Fr\u00fchling | Villas in Pelion\",\"isPartOf\":{\"@id\":\"https:\/\/villaspelion.eu\/new\/#website\"},\"primaryImageOfPage\":{\"@id\":\"https:\/\/villaspelion.eu\/new\/de\/natur\/spring\/#primaryimage\"},\"image\":{\"@id\":\"https:\/\/villaspelion.eu\/new\/de\/natur\/spring\/#primaryimage\"},\"thumbnailUrl\":\"https:\/\/villaspelion.eu\/new\/wp-content\/uploads\/spring-300x200.jpg\",\"datePublished\":\"2017-10-10T13:39:09+00:00\",\"dateModified\":\"2017-10-10T13:39:09+00:00\",\"breadcrumb\":{\"@id\":\"https:\/\/villaspelion.eu\/new\/de\/natur\/spring\/#breadcrumb\"},\"inLanguage\":\"en-US\",\"potentialAction\":[{\"@type\":\"ReadAction\",\"target\":[\"https:\/\/villaspelion.eu\/new\/de\/natur\/spring\/\"]}]},{\"@type\":\"ImageObject\",\"inLanguage\":\"en-US\",\"@id\":\"https:\/\/villaspelion.eu\/new\/de\/natur\/spring\/#primaryimage\",\"url\":\"https:\/\/villaspelion.eu\/new\/wp-content\/uploads\/spring.jpg\",\"contentUrl\":\"https:\/\/villaspelion.eu\/new\/wp-content\/uploads\/spring.jpg\",\"width\":900,\"height\":600},{\"@type\":\"BreadcrumbList\",\"@id\":\"https:\/\/villaspelion.eu\/new\/de\/natur\/spring\/#breadcrumb\",\"itemListElement\":[{\"@type\":\"ListItem\",\"position\":1,\"name\":\"Home\",\"item\":\"https:\/\/villaspelion.eu\/new\/\"},{\"@type\":\"ListItem\",\"position\":2,\"name\":\"Natur\",\"item\":\"https:\/\/villaspelion.eu\/new\/de\/natur\/\"},{\"@type\":\"ListItem\",\"position\":3,\"name\":\"Fr\u00fchling\"}]},{\"@type\":\"WebSite\",\"@id\":\"https:\/\/villaspelion.eu\/new\/#website\",\"url\":\"https:\/\/villaspelion.eu\/new\/\",\"name\":\"Villas in Pelion\",\"description\":\"Villas for sale in Pelion\",\"potentialAction\":[{\"@type\":\"SearchAction\",\"target\":{\"@type\":\"EntryPoint\",\"urlTemplate\":\"https:\/\/villaspelion.eu\/new\/?s={search_term_string}\"},\"query-input\":{\"@type\":\"PropertyValueSpecification\",\"valueRequired\":true,\"valueName\":\"search_term_string\"}}],\"inLanguage\":\"en-US\"}]}<\/script>\n<!-- \/ Yoast SEO plugin. -->","yoast_head_json":{"title":"Fr\u00fchling | Villas in Pelion","robots":{"index":"index","follow":"follow","max-snippet":"max-snippet:-1","max-image-preview":"max-image-preview:large","max-video-preview":"max-video-preview:-1"},"canonical":"https:\/\/villaspelion.eu\/new\/de\/natur\/spring\/","og_locale":"en_US","og_type":"article","og_title":"Fr\u00fchling | Villas in Pelion","og_description":"Fr\u00fchling Die Kombination aus Bergen und Meer machen Pilion eine sehr besondere und magische Ziel f\u00fcr alle Jahreszeiten. Fr\u00fchling des &quot;Orgasmus&quot; der Natur! Dies ist wahrscheinlich der einzige Weg zu beschreiben, was passiert im Pilion im Fr\u00fchjahr!!! Das wei\u00df des Schnees verschwindet, macht Platz f\u00fcr die sch\u00f6nen wei\u00dfen Bl\u00fcten von Apple und Mandel B\u00e4umen, w\u00e4hrend [&hellip;]","og_url":"https:\/\/villaspelion.eu\/new\/de\/natur\/spring\/","og_site_name":"Villas in Pelion","og_image":[{"width":900,"height":600,"url":"https:\/\/villaspelion.eu\/new\/wp-content\/uploads\/spring.jpg","type":"image\/jpeg"}],"twitter_card":"summary_large_image","twitter_misc":{"Est. reading time":"1 minute"},"schema":{"@context":"https:\/\/schema.org","@graph":[{"@type":"WebPage","@id":"https:\/\/villaspelion.eu\/new\/de\/natur\/spring\/","url":"https:\/\/villaspelion.eu\/new\/de\/natur\/spring\/","name":"Fr\u00fchling | Villas in Pelion","isPartOf":{"@id":"https:\/\/villaspelion.eu\/new\/#website"},"primaryImageOfPage":{"@id":"https:\/\/villaspelion.eu\/new\/de\/natur\/spring\/#primaryimage"},"image":{"@id":"https:\/\/villaspelion.eu\/new\/de\/natur\/spring\/#primaryimage"},"thumbnailUrl":"https:\/\/villaspelion.eu\/new\/wp-content\/uploads\/spring-300x200.jpg","datePublished":"2017-10-10T13:39:09+00:00","dateModified":"2017-10-10T13:39:09+00:00","breadcrumb":{"@id":"https:\/\/villaspelion.eu\/new\/de\/natur\/spring\/#breadcrumb"},"inLanguage":"en-US","potentialAction":[{"@type":"ReadAction","target":["https:\/\/villaspelion.eu\/new\/de\/natur\/spring\/"]}]},{"@type":"ImageObject","inLanguage":"en-US","@id":"https:\/\/villaspelion.eu\/new\/de\/natur\/spring\/#primaryimage","url":"https:\/\/villaspelion.eu\/new\/wp-content\/uploads\/spring.jpg","contentUrl":"https:\/\/villaspelion.eu\/new\/wp-content\/uploads\/spring.jpg","width":900,"height":600},{"@type":"BreadcrumbList","@id":"https:\/\/villaspelion.eu\/new\/de\/natur\/spring\/#breadcrumb","itemListElement":[{"@type":"ListItem","position":1,"name":"Home","item":"https:\/\/villaspelion.eu\/new\/"},{"@type":"ListItem","position":2,"name":"Natur","item":"https:\/\/villaspelion.eu\/new\/de\/natur\/"},{"@type":"ListItem","position":3,"name":"Fr\u00fchling"}]},{"@type":"WebSite","@id":"https:\/\/villaspelion.eu\/new\/#website","url":"https:\/\/villaspelion.eu\/new\/","name":"Villas in Pelion","description":"Villas for sale in Pelion","potentialAction":[{"@type":"SearchAction","target":{"@type":"EntryPoint","urlTemplate":"https:\/\/villaspelion.eu\/new\/?s={search_term_string}"},"query-input":{"@type":"PropertyValueSpecification","valueRequired":true,"valueName":"search_term_string"}}],"inLanguage":"en-US"}]}},"_links":{"self":[{"href":"https:\/\/villaspelion.eu\/new\/wp-json\/wp\/v2\/pages\/579"}],"collection":[{"href":"https:\/\/villaspelion.eu\/new\/wp-json\/wp\/v2\/pages"}],"about":[{"href":"https:\/\/villaspelion.eu\/new\/wp-json\/wp\/v2\/types\/page"}],"author":[{"embeddable":true,"href":"https:\/\/villaspelion.eu\/new\/wp-json\/wp\/v2\/users\/1"}],"replies":[{"embeddable":true,"href":"https:\/\/villaspelion.eu\/new\/wp-json\/wp\/v2\/comments?post=579"}],"version-history":[{"count":0,"href":"https:\/\/villaspelion.eu\/new\/wp-json\/wp\/v2\/pages\/579\/revisions"}],"up":[{"embeddable":true,"href":"https:\/\/villaspelion.eu\/new\/wp-json\/wp\/v2\/pages\/575"}],"wp:attachment":[{"href":"https:\/\/villaspelion.eu\/new\/wp-json\/wp\/v2\/media?parent=579"}],"curies":[{"name":"wp","href":"https:\/\/api.w.org\/{rel}","templated":true}]}}