{"id":578,"date":"2017-10-10T13:42:10","date_gmt":"2017-10-10T13:42:10","guid":{"rendered":"https:\/\/villaspelion.eu\/new\/?page_id=436"},"modified":"2017-10-10T13:42:10","modified_gmt":"2017-10-10T13:42:10","slug":"herbst","status":"publish","type":"page","link":"https:\/\/villaspelion.eu\/new\/de\/natur\/herbst\/","title":{"rendered":"Herbst"},"content":{"rendered":"<div class=\"itemHeader\">\n<h1 class=\"itemTitle\"><strong>Herbst<\/strong><\/h1>\n<\/div>\n<div class=\"itemIntroText\">\n<h3><img loading=\"lazy\" decoding=\"async\" class=\"alignleft wp-image-454\" src=\"https:\/\/villaspelion.eu\/new\/wp-content\/uploads\/autumn-300x200.jpg\" alt=\"\" width=\"450\" height=\"300\" srcset=\"https:\/\/villaspelion.eu\/new\/wp-content\/uploads\/autumn-300x200.jpg 300w, https:\/\/villaspelion.eu\/new\/wp-content\/uploads\/autumn-768x512.jpg 768w, https:\/\/villaspelion.eu\/new\/wp-content\/uploads\/autumn.jpg 900w\" sizes=\"(max-width: 450px) 100vw, 450px\" \/>Die Kombination aus Bergen und Meer machen Pilion eine sehr besondere und magische Ziel f\u00fcr alle Jahreszeiten.<\/h3>\n<\/div>\n<div class=\"itemFullText\">\n<h3>Herbst<br \/>-wie viele Kastanien tun m\u00f6chten? Dass viel mehr Sie aus dem Boden ausw\u00e4hlen k\u00f6nnen bei zahlreichen Kastanienb\u00e4umen \u2013 vor allem auf dem Ost-Pilion \u2013 ihre Last in Richtung zum Ende des Herbstes &quot;leer&quot;.<\/h3>\n<h3>Man k\u00f6nnte allgemein sagen, dass der Herbst die beste Jahreszeit ist, Pilion zu besuchen. Es ist nicht \u00fcberf\u00fcllt und Staus sind nicht Existent.\u00a0 Das Wetter ist k\u00fchl aber Urlauber k\u00f6nnen schwimmen oder entspannen an fernen Str\u00e4nden genie\u00dfen.<\/h3>\n<h3>Die Kosten f\u00fcr die gemieteten R\u00e4ume ist viel weniger und Restaurants Besitzer haben jetzt die M\u00f6glichkeit zu besseren und schnelleren Service bieten.<\/h3>\n<h3>Also was ist, wenn die erste regnet kommen? Die Aromen der Pelion Gesamtstruktur im Herbst sind unvergleichlich! Mit ein paar Bilder von &quot;Tsipouro&quot; oder ein paar L\u00f6ffel von hausgemachten S\u00fc\u00dfigkeiten begleiten Sie bis zum Sonnenaufgang&#8230;<\/h3>\n<\/div>\n","protected":false},"excerpt":{"rendered":"<p>Herbst Die Kombination aus Bergen und Meer machen Pilion eine sehr besondere und magische Ziel f\u00fcr alle Jahreszeiten. Herbst-wie viele Kastanien tun m\u00f6chten? Dass viel mehr Sie aus dem Boden ausw\u00e4hlen k\u00f6nnen bei zahlreichen Kastanienb\u00e4umen \u2013 vor allem auf dem Ost-Pilion \u2013 ihre Last in Richtung zum Ende des Herbstes &quot;leer&quot;. Man k\u00f6nnte allgemein sagen, [&hellip;]<\/p>\n","protected":false},"author":1,"featured_media":0,"parent":575,"menu_order":0,"comment_status":"closed","ping_status":"closed","template":"","meta":{"footnotes":""},"class_list":["post-578","page","type-page","status-publish","hentry"],"yoast_head":"<!-- This site is optimized with the Yoast SEO plugin v23.8 - https:\/\/yoast.com\/wordpress\/plugins\/seo\/ -->\n<title>Herbst | Villas in Pelion<\/title>\n<meta name=\"robots\" content=\"index, follow, max-snippet:-1, max-image-preview:large, max-video-preview:-1\" \/>\n<link rel=\"canonical\" href=\"https:\/\/villaspelion.eu\/new\/de\/natur\/herbst\/\" \/>\n<meta property=\"og:locale\" content=\"en_US\" \/>\n<meta property=\"og:type\" content=\"article\" \/>\n<meta property=\"og:title\" content=\"Herbst | Villas in Pelion\" \/>\n<meta property=\"og:description\" content=\"Herbst Die Kombination aus Bergen und Meer machen Pilion eine sehr besondere und magische Ziel f\u00fcr alle Jahreszeiten. Herbst-wie viele Kastanien tun m\u00f6chten? Dass viel mehr Sie aus dem Boden ausw\u00e4hlen k\u00f6nnen bei zahlreichen Kastanienb\u00e4umen \u2013 vor allem auf dem Ost-Pilion \u2013 ihre Last in Richtung zum Ende des Herbstes &quot;leer&quot;. Man k\u00f6nnte allgemein sagen, [&hellip;]\" \/>\n<meta property=\"og:url\" content=\"https:\/\/villaspelion.eu\/new\/de\/natur\/herbst\/\" \/>\n<meta property=\"og:site_name\" content=\"Villas in Pelion\" \/>\n<meta property=\"og:image\" content=\"https:\/\/villaspelion.eu\/new\/wp-content\/uploads\/autumn.jpg\" \/>\n\t<meta property=\"og:image:width\" content=\"900\" \/>\n\t<meta property=\"og:image:height\" content=\"600\" \/>\n\t<meta property=\"og:image:type\" content=\"image\/jpeg\" \/>\n<meta name=\"twitter:card\" content=\"summary_large_image\" \/>\n<meta name=\"twitter:label1\" content=\"Est. reading time\" \/>\n\t<meta name=\"twitter:data1\" content=\"1 minute\" \/>\n<script type=\"application\/ld+json\" class=\"yoast-schema-graph\">{\"@context\":\"https:\/\/schema.org\",\"@graph\":[{\"@type\":\"WebPage\",\"@id\":\"https:\/\/villaspelion.eu\/new\/de\/natur\/herbst\/\",\"url\":\"https:\/\/villaspelion.eu\/new\/de\/natur\/herbst\/\",\"name\":\"Herbst | Villas in Pelion\",\"isPartOf\":{\"@id\":\"https:\/\/villaspelion.eu\/new\/#website\"},\"primaryImageOfPage\":{\"@id\":\"https:\/\/villaspelion.eu\/new\/de\/natur\/herbst\/#primaryimage\"},\"image\":{\"@id\":\"https:\/\/villaspelion.eu\/new\/de\/natur\/herbst\/#primaryimage\"},\"thumbnailUrl\":\"https:\/\/villaspelion.eu\/new\/wp-content\/uploads\/autumn-300x200.jpg\",\"datePublished\":\"2017-10-10T13:42:10+00:00\",\"dateModified\":\"2017-10-10T13:42:10+00:00\",\"breadcrumb\":{\"@id\":\"https:\/\/villaspelion.eu\/new\/de\/natur\/herbst\/#breadcrumb\"},\"inLanguage\":\"en-US\",\"potentialAction\":[{\"@type\":\"ReadAction\",\"target\":[\"https:\/\/villaspelion.eu\/new\/de\/natur\/herbst\/\"]}]},{\"@type\":\"ImageObject\",\"inLanguage\":\"en-US\",\"@id\":\"https:\/\/villaspelion.eu\/new\/de\/natur\/herbst\/#primaryimage\",\"url\":\"https:\/\/villaspelion.eu\/new\/wp-content\/uploads\/autumn.jpg\",\"contentUrl\":\"https:\/\/villaspelion.eu\/new\/wp-content\/uploads\/autumn.jpg\",\"width\":900,\"height\":600},{\"@type\":\"BreadcrumbList\",\"@id\":\"https:\/\/villaspelion.eu\/new\/de\/natur\/herbst\/#breadcrumb\",\"itemListElement\":[{\"@type\":\"ListItem\",\"position\":1,\"name\":\"Home\",\"item\":\"https:\/\/villaspelion.eu\/new\/\"},{\"@type\":\"ListItem\",\"position\":2,\"name\":\"Natur\",\"item\":\"https:\/\/villaspelion.eu\/new\/de\/natur\/\"},{\"@type\":\"ListItem\",\"position\":3,\"name\":\"Herbst\"}]},{\"@type\":\"WebSite\",\"@id\":\"https:\/\/villaspelion.eu\/new\/#website\",\"url\":\"https:\/\/villaspelion.eu\/new\/\",\"name\":\"Villas in Pelion\",\"description\":\"Villas for sale in Pelion\",\"potentialAction\":[{\"@type\":\"SearchAction\",\"target\":{\"@type\":\"EntryPoint\",\"urlTemplate\":\"https:\/\/villaspelion.eu\/new\/?s={search_term_string}\"},\"query-input\":{\"@type\":\"PropertyValueSpecification\",\"valueRequired\":true,\"valueName\":\"search_term_string\"}}],\"inLanguage\":\"en-US\"}]}<\/script>\n<!-- \/ Yoast SEO plugin. -->","yoast_head_json":{"title":"Herbst | Villas in Pelion","robots":{"index":"index","follow":"follow","max-snippet":"max-snippet:-1","max-image-preview":"max-image-preview:large","max-video-preview":"max-video-preview:-1"},"canonical":"https:\/\/villaspelion.eu\/new\/de\/natur\/herbst\/","og_locale":"en_US","og_type":"article","og_title":"Herbst | Villas in Pelion","og_description":"Herbst Die Kombination aus Bergen und Meer machen Pilion eine sehr besondere und magische Ziel f\u00fcr alle Jahreszeiten. Herbst-wie viele Kastanien tun m\u00f6chten? Dass viel mehr Sie aus dem Boden ausw\u00e4hlen k\u00f6nnen bei zahlreichen Kastanienb\u00e4umen \u2013 vor allem auf dem Ost-Pilion \u2013 ihre Last in Richtung zum Ende des Herbstes &quot;leer&quot;. Man k\u00f6nnte allgemein sagen, [&hellip;]","og_url":"https:\/\/villaspelion.eu\/new\/de\/natur\/herbst\/","og_site_name":"Villas in Pelion","og_image":[{"width":900,"height":600,"url":"https:\/\/villaspelion.eu\/new\/wp-content\/uploads\/autumn.jpg","type":"image\/jpeg"}],"twitter_card":"summary_large_image","twitter_misc":{"Est. reading time":"1 minute"},"schema":{"@context":"https:\/\/schema.org","@graph":[{"@type":"WebPage","@id":"https:\/\/villaspelion.eu\/new\/de\/natur\/herbst\/","url":"https:\/\/villaspelion.eu\/new\/de\/natur\/herbst\/","name":"Herbst | Villas in Pelion","isPartOf":{"@id":"https:\/\/villaspelion.eu\/new\/#website"},"primaryImageOfPage":{"@id":"https:\/\/villaspelion.eu\/new\/de\/natur\/herbst\/#primaryimage"},"image":{"@id":"https:\/\/villaspelion.eu\/new\/de\/natur\/herbst\/#primaryimage"},"thumbnailUrl":"https:\/\/villaspelion.eu\/new\/wp-content\/uploads\/autumn-300x200.jpg","datePublished":"2017-10-10T13:42:10+00:00","dateModified":"2017-10-10T13:42:10+00:00","breadcrumb":{"@id":"https:\/\/villaspelion.eu\/new\/de\/natur\/herbst\/#breadcrumb"},"inLanguage":"en-US","potentialAction":[{"@type":"ReadAction","target":["https:\/\/villaspelion.eu\/new\/de\/natur\/herbst\/"]}]},{"@type":"ImageObject","inLanguage":"en-US","@id":"https:\/\/villaspelion.eu\/new\/de\/natur\/herbst\/#primaryimage","url":"https:\/\/villaspelion.eu\/new\/wp-content\/uploads\/autumn.jpg","contentUrl":"https:\/\/villaspelion.eu\/new\/wp-content\/uploads\/autumn.jpg","width":900,"height":600},{"@type":"BreadcrumbList","@id":"https:\/\/villaspelion.eu\/new\/de\/natur\/herbst\/#breadcrumb","itemListElement":[{"@type":"ListItem","position":1,"name":"Home","item":"https:\/\/villaspelion.eu\/new\/"},{"@type":"ListItem","position":2,"name":"Natur","item":"https:\/\/villaspelion.eu\/new\/de\/natur\/"},{"@type":"ListItem","position":3,"name":"Herbst"}]},{"@type":"WebSite","@id":"https:\/\/villaspelion.eu\/new\/#website","url":"https:\/\/villaspelion.eu\/new\/","name":"Villas in Pelion","description":"Villas for sale in Pelion","potentialAction":[{"@type":"SearchAction","target":{"@type":"EntryPoint","urlTemplate":"https:\/\/villaspelion.eu\/new\/?s={search_term_string}"},"query-input":{"@type":"PropertyValueSpecification","valueRequired":true,"valueName":"search_term_string"}}],"inLanguage":"en-US"}]}},"_links":{"self":[{"href":"https:\/\/villaspelion.eu\/new\/wp-json\/wp\/v2\/pages\/578"}],"collection":[{"href":"https:\/\/villaspelion.eu\/new\/wp-json\/wp\/v2\/pages"}],"about":[{"href":"https:\/\/villaspelion.eu\/new\/wp-json\/wp\/v2\/types\/page"}],"author":[{"embeddable":true,"href":"https:\/\/villaspelion.eu\/new\/wp-json\/wp\/v2\/users\/1"}],"replies":[{"embeddable":true,"href":"https:\/\/villaspelion.eu\/new\/wp-json\/wp\/v2\/comments?post=578"}],"version-history":[{"count":0,"href":"https:\/\/villaspelion.eu\/new\/wp-json\/wp\/v2\/pages\/578\/revisions"}],"up":[{"embeddable":true,"href":"https:\/\/villaspelion.eu\/new\/wp-json\/wp\/v2\/pages\/575"}],"wp:attachment":[{"href":"https:\/\/villaspelion.eu\/new\/wp-json\/wp\/v2\/media?parent=578"}],"curies":[{"name":"wp","href":"https:\/\/api.w.org\/{rel}","templated":true}]}}