{"id":575,"date":"2017-10-09T22:59:59","date_gmt":"2017-10-09T22:59:59","guid":{"rendered":"http:\/\/villaspelion.eu\/new\/?page_id=339"},"modified":"2017-10-09T22:59:59","modified_gmt":"2017-10-09T22:59:59","slug":"natur","status":"publish","type":"page","link":"https:\/\/villaspelion.eu\/new\/de\/natur\/","title":{"rendered":"Natur"},"content":{"rendered":"<div class=\"itemHeader\">\n<h1 class=\"itemTitle\">Umwelt &#8211; Natur-liebende<\/h1>\n<\/div>\n<div class=\"itemIntroText\">\n<h3><img loading=\"lazy\" decoding=\"async\" class=\"alignleft wp-image-445\" src=\"https:\/\/villaspelion.eu\/new\/wp-content\/uploads\/enviroment-300x169.jpg\" alt=\"\" width=\"450\" height=\"253\" srcset=\"https:\/\/villaspelion.eu\/new\/wp-content\/uploads\/enviroment-300x169.jpg 300w, https:\/\/villaspelion.eu\/new\/wp-content\/uploads\/enviroment-768x432.jpg 768w, https:\/\/villaspelion.eu\/new\/wp-content\/uploads\/enviroment.jpg 900w\" sizes=\"(max-width: 450px) 100vw, 450px\" \/>In Pilion gibt es nicht nur Werke von Laien Pelion Seele, sondern auch die Natur der Gegend erstellt, k\u00f6nnte z. B. die Platanen stehen eindrucksvoll bei der Mehrheit der malerischen Pl\u00e4tzen der D\u00f6rfer seit so vielen Jahren, seit Tausenden von Jahren es sagen , enth\u00fcllt die harmonische Beziehung zwischen Mensch und Natur in der Region des Pilion.<\/h3>\n<\/div>\n<div class=\"itemFullText\">\n<h3>Eine weitere Besonderheit des Pilion, trotz die bedauerliche Tatsache, dass die wilde Fauna nicht so reich aufgrund der dichten Geb\u00e4ude sind die W\u00e4lder wilden Kastanien und buchen.<\/h3>\n<h3>Dennoch eine trifft noch eine Vielzahl von S\u00e4ugetieren in Pelion (z. B. Wildschweine, F\u00fcchse, Schakale, etc.), w\u00e4hrend ziemlich reich ist auch die Vogelwelt des Berges (z. B. Adler, Falken, Amseln, Rebh\u00fchner, etc.)<\/h3>\n<h3>Die Umgebung des Pilion ist eine wichtige Finanz- und Entwicklungsst\u00f6rungen Ressource von der weiteren Umgebung bietet viele M\u00f6glichkeiten f\u00fcr das Wachstum des Naturtourismus und die Organisation der \u00d6kotourismus-Aktivit\u00e4ten.<\/h3>\n<h3>Leider die dominierende Art des Tourismus in unserem Land bleibt noch der so genannte &quot;Massentourismus&quot;, die zweifellos zum wirtschaftlichen Wachstum eines Raums beitr\u00e4gt, es hat jedoch gravierende Folgen in der Natur und der Umwelt.<\/h3>\n<h3>Dennoch die Umweltzerst\u00f6rung bleibt auf der untersten Ebene in Pelion, da die Mehrheit der Bewohner, die Ladenbesitzer des Gebiets und die lokale Regierung hat in dieser Richtung wesentlich beigetragen.<\/h3>\n<h3>Wie es ist in Bereichen von au\u00dfergew\u00f6hnlicher nat\u00fcrlicher Sch\u00f6nheit Pilion, soweit die Natur Gro\u00dfz\u00fcgigkeit offensichtlich erkennbar ist, und in Kombination mit der vorhandenen Vielfalt des \u00d6kosystems und die touristische Infrastruktur, die Entwicklung der sogenannten Umwelt \u2013 Natur-liebenden Tourismus wird erheblich beg\u00fcnstigt.<\/h3>\n<h3>Diese Art von Aktivit\u00e4ten geh\u00f6ren unter anderem die V\u00f6gel und Tiere beobachten, die wilde Fr\u00fcchte und Kr\u00e4uter pfl\u00fccken sowie die Pilze pfl\u00fccken, bildet eine wahre &quot;Schatz der Natur&quot;.<\/h3>\n<\/div>\n","protected":false},"excerpt":{"rendered":"<p>Umwelt &#8211; Natur-liebende In Pilion gibt es nicht nur Werke von Laien Pelion Seele, sondern auch die Natur der Gegend erstellt, k\u00f6nnte z. B. die Platanen stehen eindrucksvoll bei der Mehrheit der malerischen Pl\u00e4tzen der D\u00f6rfer seit so vielen Jahren, seit Tausenden von Jahren es sagen , enth\u00fcllt die harmonische Beziehung zwischen Mensch und Natur [&hellip;]<\/p>\n","protected":false},"author":1,"featured_media":0,"parent":0,"menu_order":0,"comment_status":"closed","ping_status":"closed","template":"","meta":{"footnotes":""},"class_list":["post-575","page","type-page","status-publish","hentry"],"yoast_head":"<!-- This site is optimized with the Yoast SEO plugin v23.8 - https:\/\/yoast.com\/wordpress\/plugins\/seo\/ -->\n<title>Natur | Villas in Pelion<\/title>\n<meta name=\"robots\" content=\"index, follow, max-snippet:-1, max-image-preview:large, max-video-preview:-1\" \/>\n<link rel=\"canonical\" href=\"https:\/\/villaspelion.eu\/new\/de\/natur\/\" \/>\n<meta property=\"og:locale\" content=\"en_US\" \/>\n<meta property=\"og:type\" content=\"article\" \/>\n<meta property=\"og:title\" content=\"Natur | Villas in Pelion\" \/>\n<meta property=\"og:description\" content=\"Umwelt &#8211; Natur-liebende In Pilion gibt es nicht nur Werke von Laien Pelion Seele, sondern auch die Natur der Gegend erstellt, k\u00f6nnte z. B. die Platanen stehen eindrucksvoll bei der Mehrheit der malerischen Pl\u00e4tzen der D\u00f6rfer seit so vielen Jahren, seit Tausenden von Jahren es sagen , enth\u00fcllt die harmonische Beziehung zwischen Mensch und Natur [&hellip;]\" \/>\n<meta property=\"og:url\" content=\"https:\/\/villaspelion.eu\/new\/de\/natur\/\" \/>\n<meta property=\"og:site_name\" content=\"Villas in Pelion\" \/>\n<meta property=\"og:image\" content=\"https:\/\/villaspelion.eu\/new\/wp-content\/uploads\/enviroment.jpg\" \/>\n\t<meta property=\"og:image:width\" content=\"900\" \/>\n\t<meta property=\"og:image:height\" content=\"506\" \/>\n\t<meta property=\"og:image:type\" content=\"image\/jpeg\" \/>\n<meta name=\"twitter:card\" content=\"summary_large_image\" \/>\n<meta name=\"twitter:label1\" content=\"Est. reading time\" \/>\n\t<meta name=\"twitter:data1\" content=\"2 minutes\" \/>\n<script type=\"application\/ld+json\" class=\"yoast-schema-graph\">{\"@context\":\"https:\/\/schema.org\",\"@graph\":[{\"@type\":\"WebPage\",\"@id\":\"https:\/\/villaspelion.eu\/new\/de\/natur\/\",\"url\":\"https:\/\/villaspelion.eu\/new\/de\/natur\/\",\"name\":\"Natur | Villas in Pelion\",\"isPartOf\":{\"@id\":\"https:\/\/villaspelion.eu\/new\/#website\"},\"primaryImageOfPage\":{\"@id\":\"https:\/\/villaspelion.eu\/new\/de\/natur\/#primaryimage\"},\"image\":{\"@id\":\"https:\/\/villaspelion.eu\/new\/de\/natur\/#primaryimage\"},\"thumbnailUrl\":\"https:\/\/villaspelion.eu\/new\/wp-content\/uploads\/enviroment-300x169.jpg\",\"datePublished\":\"2017-10-09T22:59:59+00:00\",\"dateModified\":\"2017-10-09T22:59:59+00:00\",\"breadcrumb\":{\"@id\":\"https:\/\/villaspelion.eu\/new\/de\/natur\/#breadcrumb\"},\"inLanguage\":\"en-US\",\"potentialAction\":[{\"@type\":\"ReadAction\",\"target\":[\"https:\/\/villaspelion.eu\/new\/de\/natur\/\"]}]},{\"@type\":\"ImageObject\",\"inLanguage\":\"en-US\",\"@id\":\"https:\/\/villaspelion.eu\/new\/de\/natur\/#primaryimage\",\"url\":\"https:\/\/villaspelion.eu\/new\/wp-content\/uploads\/enviroment.jpg\",\"contentUrl\":\"https:\/\/villaspelion.eu\/new\/wp-content\/uploads\/enviroment.jpg\",\"width\":900,\"height\":506},{\"@type\":\"BreadcrumbList\",\"@id\":\"https:\/\/villaspelion.eu\/new\/de\/natur\/#breadcrumb\",\"itemListElement\":[{\"@type\":\"ListItem\",\"position\":1,\"name\":\"Home\",\"item\":\"https:\/\/villaspelion.eu\/new\/\"},{\"@type\":\"ListItem\",\"position\":2,\"name\":\"Natur\"}]},{\"@type\":\"WebSite\",\"@id\":\"https:\/\/villaspelion.eu\/new\/#website\",\"url\":\"https:\/\/villaspelion.eu\/new\/\",\"name\":\"Villas in Pelion\",\"description\":\"Villas for sale in Pelion\",\"potentialAction\":[{\"@type\":\"SearchAction\",\"target\":{\"@type\":\"EntryPoint\",\"urlTemplate\":\"https:\/\/villaspelion.eu\/new\/?s={search_term_string}\"},\"query-input\":{\"@type\":\"PropertyValueSpecification\",\"valueRequired\":true,\"valueName\":\"search_term_string\"}}],\"inLanguage\":\"en-US\"}]}<\/script>\n<!-- \/ Yoast SEO plugin. -->","yoast_head_json":{"title":"Natur | Villas in Pelion","robots":{"index":"index","follow":"follow","max-snippet":"max-snippet:-1","max-image-preview":"max-image-preview:large","max-video-preview":"max-video-preview:-1"},"canonical":"https:\/\/villaspelion.eu\/new\/de\/natur\/","og_locale":"en_US","og_type":"article","og_title":"Natur | Villas in Pelion","og_description":"Umwelt &#8211; Natur-liebende In Pilion gibt es nicht nur Werke von Laien Pelion Seele, sondern auch die Natur der Gegend erstellt, k\u00f6nnte z. B. die Platanen stehen eindrucksvoll bei der Mehrheit der malerischen Pl\u00e4tzen der D\u00f6rfer seit so vielen Jahren, seit Tausenden von Jahren es sagen , enth\u00fcllt die harmonische Beziehung zwischen Mensch und Natur [&hellip;]","og_url":"https:\/\/villaspelion.eu\/new\/de\/natur\/","og_site_name":"Villas in Pelion","og_image":[{"width":900,"height":506,"url":"https:\/\/villaspelion.eu\/new\/wp-content\/uploads\/enviroment.jpg","type":"image\/jpeg"}],"twitter_card":"summary_large_image","twitter_misc":{"Est. reading time":"2 minutes"},"schema":{"@context":"https:\/\/schema.org","@graph":[{"@type":"WebPage","@id":"https:\/\/villaspelion.eu\/new\/de\/natur\/","url":"https:\/\/villaspelion.eu\/new\/de\/natur\/","name":"Natur | Villas in Pelion","isPartOf":{"@id":"https:\/\/villaspelion.eu\/new\/#website"},"primaryImageOfPage":{"@id":"https:\/\/villaspelion.eu\/new\/de\/natur\/#primaryimage"},"image":{"@id":"https:\/\/villaspelion.eu\/new\/de\/natur\/#primaryimage"},"thumbnailUrl":"https:\/\/villaspelion.eu\/new\/wp-content\/uploads\/enviroment-300x169.jpg","datePublished":"2017-10-09T22:59:59+00:00","dateModified":"2017-10-09T22:59:59+00:00","breadcrumb":{"@id":"https:\/\/villaspelion.eu\/new\/de\/natur\/#breadcrumb"},"inLanguage":"en-US","potentialAction":[{"@type":"ReadAction","target":["https:\/\/villaspelion.eu\/new\/de\/natur\/"]}]},{"@type":"ImageObject","inLanguage":"en-US","@id":"https:\/\/villaspelion.eu\/new\/de\/natur\/#primaryimage","url":"https:\/\/villaspelion.eu\/new\/wp-content\/uploads\/enviroment.jpg","contentUrl":"https:\/\/villaspelion.eu\/new\/wp-content\/uploads\/enviroment.jpg","width":900,"height":506},{"@type":"BreadcrumbList","@id":"https:\/\/villaspelion.eu\/new\/de\/natur\/#breadcrumb","itemListElement":[{"@type":"ListItem","position":1,"name":"Home","item":"https:\/\/villaspelion.eu\/new\/"},{"@type":"ListItem","position":2,"name":"Natur"}]},{"@type":"WebSite","@id":"https:\/\/villaspelion.eu\/new\/#website","url":"https:\/\/villaspelion.eu\/new\/","name":"Villas in Pelion","description":"Villas for sale in Pelion","potentialAction":[{"@type":"SearchAction","target":{"@type":"EntryPoint","urlTemplate":"https:\/\/villaspelion.eu\/new\/?s={search_term_string}"},"query-input":{"@type":"PropertyValueSpecification","valueRequired":true,"valueName":"search_term_string"}}],"inLanguage":"en-US"}]}},"_links":{"self":[{"href":"https:\/\/villaspelion.eu\/new\/wp-json\/wp\/v2\/pages\/575"}],"collection":[{"href":"https:\/\/villaspelion.eu\/new\/wp-json\/wp\/v2\/pages"}],"about":[{"href":"https:\/\/villaspelion.eu\/new\/wp-json\/wp\/v2\/types\/page"}],"author":[{"embeddable":true,"href":"https:\/\/villaspelion.eu\/new\/wp-json\/wp\/v2\/users\/1"}],"replies":[{"embeddable":true,"href":"https:\/\/villaspelion.eu\/new\/wp-json\/wp\/v2\/comments?post=575"}],"version-history":[{"count":0,"href":"https:\/\/villaspelion.eu\/new\/wp-json\/wp\/v2\/pages\/575\/revisions"}],"wp:attachment":[{"href":"https:\/\/villaspelion.eu\/new\/wp-json\/wp\/v2\/media?parent=575"}],"curies":[{"name":"wp","href":"https:\/\/api.w.org\/{rel}","templated":true}]}}