{"id":557,"date":"2017-10-10T13:25:16","date_gmt":"2017-10-10T13:25:16","guid":{"rendered":"https:\/\/villaspelion.eu\/new\/?page_id=412"},"modified":"2017-10-10T13:25:16","modified_gmt":"2017-10-10T13:25:16","slug":"winter-sport","status":"publish","type":"page","link":"https:\/\/villaspelion.eu\/new\/de\/aktivitaten\/winter-sport\/","title":{"rendered":"Wintersport"},"content":{"rendered":"<div class=\"itemHeader\">\n<h1 class=\"itemTitle\">Wintersport<\/h1>\n<\/div>\n<div class=\"itemIntroText\">\n<h3><img loading=\"lazy\" decoding=\"async\" class=\"alignleft wp-image-418\" src=\"https:\/\/villaspelion.eu\/new\/wp-content\/uploads\/winter-300x200.jpg\" alt=\"\" width=\"450\" height=\"300\" srcset=\"https:\/\/villaspelion.eu\/new\/wp-content\/uploads\/winter-300x200.jpg 300w, https:\/\/villaspelion.eu\/new\/wp-content\/uploads\/winter-768x512.jpg 768w, https:\/\/villaspelion.eu\/new\/wp-content\/uploads\/winter.jpg 900w\" sizes=\"(max-width: 450px) 100vw, 450px\" \/>Pilion bietet die einmalige Gelegenheit, einen Blick auf das tiefblaue Meer, d.h. der \u00c4g\u00e4is und den Pagasitikos Golf haben, beim Skifahren in einem organisierten Skigebiet!!!<\/h3>\n<\/div>\n<div class=\"itemFullText\">\n<h3>Vor allem, wenn das Wetter es zul\u00e4sst, kann man so weit zum Berg Athos sehen.<\/h3>\n<h3>Im Winter viele organisierte Wintersportfans, unter anderem das Skigebiet des Pilion zu besuchen, um ihre Lieblingsbesch\u00e4ftigung, mit dem Skifahren sowie das Snowboarden genie\u00dfen und die Geschwindigkeit Skifahren Wesen am meisten bevorzugt.<\/h3>\n<h3>Dar\u00fcber hinaus hat man die M\u00f6glichkeit zu mieten oder ihre eigenen Motorschlitten, genie\u00dfen sch\u00f6ne Ausfl\u00fcge an Orten mit Ski nicht zugriffsf\u00e4higen bringen. \u00a0Pilion Skigebiet ist zug\u00e4nglich von<a href=\"http:\/\/www.pelionweb.gr\/en\/pelion\/dutiko_pilio_1_2\/xania\/\"> Han<\/a>ia und Gipfel des Berges, wo das Zentrum steht, Agriolefkes (H\u00f6he 1471 m.).<\/h3>\n<\/div>\n","protected":false},"excerpt":{"rendered":"<p>Wintersport Pilion bietet die einmalige Gelegenheit, einen Blick auf das tiefblaue Meer, d.h. der \u00c4g\u00e4is und den Pagasitikos Golf haben, beim Skifahren in einem organisierten Skigebiet!!! Vor allem, wenn das Wetter es zul\u00e4sst, kann man so weit zum Berg Athos sehen. Im Winter viele organisierte Wintersportfans, unter anderem das Skigebiet des Pilion zu besuchen, um [&hellip;]<\/p>\n","protected":false},"author":1,"featured_media":0,"parent":553,"menu_order":0,"comment_status":"closed","ping_status":"closed","template":"","meta":{"footnotes":""},"class_list":["post-557","page","type-page","status-publish","hentry"],"yoast_head":"<!-- This site is optimized with the Yoast SEO plugin v23.8 - https:\/\/yoast.com\/wordpress\/plugins\/seo\/ -->\n<title>Wintersport | Villas in Pelion<\/title>\n<meta name=\"robots\" content=\"index, follow, max-snippet:-1, max-image-preview:large, max-video-preview:-1\" \/>\n<link rel=\"canonical\" href=\"https:\/\/villaspelion.eu\/new\/de\/aktivitaten\/winter-sport\/\" \/>\n<meta property=\"og:locale\" content=\"en_US\" \/>\n<meta property=\"og:type\" content=\"article\" \/>\n<meta property=\"og:title\" content=\"Wintersport | Villas in Pelion\" \/>\n<meta property=\"og:description\" content=\"Wintersport Pilion bietet die einmalige Gelegenheit, einen Blick auf das tiefblaue Meer, d.h. der \u00c4g\u00e4is und den Pagasitikos Golf haben, beim Skifahren in einem organisierten Skigebiet!!! Vor allem, wenn das Wetter es zul\u00e4sst, kann man so weit zum Berg Athos sehen. Im Winter viele organisierte Wintersportfans, unter anderem das Skigebiet des Pilion zu besuchen, um [&hellip;]\" \/>\n<meta property=\"og:url\" content=\"https:\/\/villaspelion.eu\/new\/de\/aktivitaten\/winter-sport\/\" \/>\n<meta property=\"og:site_name\" content=\"Villas in Pelion\" \/>\n<meta property=\"og:image\" content=\"https:\/\/villaspelion.eu\/new\/wp-content\/uploads\/winter.jpg\" \/>\n\t<meta property=\"og:image:width\" content=\"900\" \/>\n\t<meta property=\"og:image:height\" content=\"600\" \/>\n\t<meta property=\"og:image:type\" content=\"image\/jpeg\" \/>\n<meta name=\"twitter:card\" content=\"summary_large_image\" \/>\n<meta name=\"twitter:label1\" content=\"Est. reading time\" \/>\n\t<meta name=\"twitter:data1\" content=\"1 minute\" \/>\n<script type=\"application\/ld+json\" class=\"yoast-schema-graph\">{\"@context\":\"https:\/\/schema.org\",\"@graph\":[{\"@type\":\"WebPage\",\"@id\":\"https:\/\/villaspelion.eu\/new\/de\/aktivitaten\/winter-sport\/\",\"url\":\"https:\/\/villaspelion.eu\/new\/de\/aktivitaten\/winter-sport\/\",\"name\":\"Wintersport | Villas in Pelion\",\"isPartOf\":{\"@id\":\"https:\/\/villaspelion.eu\/new\/#website\"},\"primaryImageOfPage\":{\"@id\":\"https:\/\/villaspelion.eu\/new\/de\/aktivitaten\/winter-sport\/#primaryimage\"},\"image\":{\"@id\":\"https:\/\/villaspelion.eu\/new\/de\/aktivitaten\/winter-sport\/#primaryimage\"},\"thumbnailUrl\":\"https:\/\/villaspelion.eu\/new\/wp-content\/uploads\/winter-300x200.jpg\",\"datePublished\":\"2017-10-10T13:25:16+00:00\",\"dateModified\":\"2017-10-10T13:25:16+00:00\",\"breadcrumb\":{\"@id\":\"https:\/\/villaspelion.eu\/new\/de\/aktivitaten\/winter-sport\/#breadcrumb\"},\"inLanguage\":\"en-US\",\"potentialAction\":[{\"@type\":\"ReadAction\",\"target\":[\"https:\/\/villaspelion.eu\/new\/de\/aktivitaten\/winter-sport\/\"]}]},{\"@type\":\"ImageObject\",\"inLanguage\":\"en-US\",\"@id\":\"https:\/\/villaspelion.eu\/new\/de\/aktivitaten\/winter-sport\/#primaryimage\",\"url\":\"https:\/\/villaspelion.eu\/new\/wp-content\/uploads\/winter.jpg\",\"contentUrl\":\"https:\/\/villaspelion.eu\/new\/wp-content\/uploads\/winter.jpg\",\"width\":900,\"height\":600},{\"@type\":\"BreadcrumbList\",\"@id\":\"https:\/\/villaspelion.eu\/new\/de\/aktivitaten\/winter-sport\/#breadcrumb\",\"itemListElement\":[{\"@type\":\"ListItem\",\"position\":1,\"name\":\"Home\",\"item\":\"https:\/\/villaspelion.eu\/new\/\"},{\"@type\":\"ListItem\",\"position\":2,\"name\":\"Aktivit\u00e4ten\",\"item\":\"https:\/\/villaspelion.eu\/new\/de\/aktivitaten\/\"},{\"@type\":\"ListItem\",\"position\":3,\"name\":\"Wintersport\"}]},{\"@type\":\"WebSite\",\"@id\":\"https:\/\/villaspelion.eu\/new\/#website\",\"url\":\"https:\/\/villaspelion.eu\/new\/\",\"name\":\"Villas in Pelion\",\"description\":\"Villas for sale in Pelion\",\"potentialAction\":[{\"@type\":\"SearchAction\",\"target\":{\"@type\":\"EntryPoint\",\"urlTemplate\":\"https:\/\/villaspelion.eu\/new\/?s={search_term_string}\"},\"query-input\":{\"@type\":\"PropertyValueSpecification\",\"valueRequired\":true,\"valueName\":\"search_term_string\"}}],\"inLanguage\":\"en-US\"}]}<\/script>\n<!-- \/ Yoast SEO plugin. -->","yoast_head_json":{"title":"Wintersport | Villas in Pelion","robots":{"index":"index","follow":"follow","max-snippet":"max-snippet:-1","max-image-preview":"max-image-preview:large","max-video-preview":"max-video-preview:-1"},"canonical":"https:\/\/villaspelion.eu\/new\/de\/aktivitaten\/winter-sport\/","og_locale":"en_US","og_type":"article","og_title":"Wintersport | Villas in Pelion","og_description":"Wintersport Pilion bietet die einmalige Gelegenheit, einen Blick auf das tiefblaue Meer, d.h. der \u00c4g\u00e4is und den Pagasitikos Golf haben, beim Skifahren in einem organisierten Skigebiet!!! Vor allem, wenn das Wetter es zul\u00e4sst, kann man so weit zum Berg Athos sehen. Im Winter viele organisierte Wintersportfans, unter anderem das Skigebiet des Pilion zu besuchen, um [&hellip;]","og_url":"https:\/\/villaspelion.eu\/new\/de\/aktivitaten\/winter-sport\/","og_site_name":"Villas in Pelion","og_image":[{"width":900,"height":600,"url":"https:\/\/villaspelion.eu\/new\/wp-content\/uploads\/winter.jpg","type":"image\/jpeg"}],"twitter_card":"summary_large_image","twitter_misc":{"Est. reading time":"1 minute"},"schema":{"@context":"https:\/\/schema.org","@graph":[{"@type":"WebPage","@id":"https:\/\/villaspelion.eu\/new\/de\/aktivitaten\/winter-sport\/","url":"https:\/\/villaspelion.eu\/new\/de\/aktivitaten\/winter-sport\/","name":"Wintersport | Villas in Pelion","isPartOf":{"@id":"https:\/\/villaspelion.eu\/new\/#website"},"primaryImageOfPage":{"@id":"https:\/\/villaspelion.eu\/new\/de\/aktivitaten\/winter-sport\/#primaryimage"},"image":{"@id":"https:\/\/villaspelion.eu\/new\/de\/aktivitaten\/winter-sport\/#primaryimage"},"thumbnailUrl":"https:\/\/villaspelion.eu\/new\/wp-content\/uploads\/winter-300x200.jpg","datePublished":"2017-10-10T13:25:16+00:00","dateModified":"2017-10-10T13:25:16+00:00","breadcrumb":{"@id":"https:\/\/villaspelion.eu\/new\/de\/aktivitaten\/winter-sport\/#breadcrumb"},"inLanguage":"en-US","potentialAction":[{"@type":"ReadAction","target":["https:\/\/villaspelion.eu\/new\/de\/aktivitaten\/winter-sport\/"]}]},{"@type":"ImageObject","inLanguage":"en-US","@id":"https:\/\/villaspelion.eu\/new\/de\/aktivitaten\/winter-sport\/#primaryimage","url":"https:\/\/villaspelion.eu\/new\/wp-content\/uploads\/winter.jpg","contentUrl":"https:\/\/villaspelion.eu\/new\/wp-content\/uploads\/winter.jpg","width":900,"height":600},{"@type":"BreadcrumbList","@id":"https:\/\/villaspelion.eu\/new\/de\/aktivitaten\/winter-sport\/#breadcrumb","itemListElement":[{"@type":"ListItem","position":1,"name":"Home","item":"https:\/\/villaspelion.eu\/new\/"},{"@type":"ListItem","position":2,"name":"Aktivit\u00e4ten","item":"https:\/\/villaspelion.eu\/new\/de\/aktivitaten\/"},{"@type":"ListItem","position":3,"name":"Wintersport"}]},{"@type":"WebSite","@id":"https:\/\/villaspelion.eu\/new\/#website","url":"https:\/\/villaspelion.eu\/new\/","name":"Villas in Pelion","description":"Villas for sale in Pelion","potentialAction":[{"@type":"SearchAction","target":{"@type":"EntryPoint","urlTemplate":"https:\/\/villaspelion.eu\/new\/?s={search_term_string}"},"query-input":{"@type":"PropertyValueSpecification","valueRequired":true,"valueName":"search_term_string"}}],"inLanguage":"en-US"}]}},"_links":{"self":[{"href":"https:\/\/villaspelion.eu\/new\/wp-json\/wp\/v2\/pages\/557"}],"collection":[{"href":"https:\/\/villaspelion.eu\/new\/wp-json\/wp\/v2\/pages"}],"about":[{"href":"https:\/\/villaspelion.eu\/new\/wp-json\/wp\/v2\/types\/page"}],"author":[{"embeddable":true,"href":"https:\/\/villaspelion.eu\/new\/wp-json\/wp\/v2\/users\/1"}],"replies":[{"embeddable":true,"href":"https:\/\/villaspelion.eu\/new\/wp-json\/wp\/v2\/comments?post=557"}],"version-history":[{"count":0,"href":"https:\/\/villaspelion.eu\/new\/wp-json\/wp\/v2\/pages\/557\/revisions"}],"up":[{"embeddable":true,"href":"https:\/\/villaspelion.eu\/new\/wp-json\/wp\/v2\/pages\/553"}],"wp:attachment":[{"href":"https:\/\/villaspelion.eu\/new\/wp-json\/wp\/v2\/media?parent=557"}],"curies":[{"name":"wp","href":"https:\/\/api.w.org\/{rel}","templated":true}]}}