{"id":555,"date":"2017-10-10T13:25:29","date_gmt":"2017-10-10T13:25:29","guid":{"rendered":"https:\/\/villaspelion.eu\/new\/?page_id=414"},"modified":"2017-10-10T13:25:29","modified_gmt":"2017-10-10T13:25:29","slug":"wassersport","status":"publish","type":"page","link":"https:\/\/villaspelion.eu\/new\/de\/aktivitaten\/wassersport\/","title":{"rendered":"Wassersport"},"content":{"rendered":"<div class=\"itemHeader\">\n<h1 class=\"itemTitle\">Wassersport<\/h1>\n<\/div>\n<div class=\"itemIntroText\">\n<h3><img loading=\"lazy\" decoding=\"async\" class=\"alignleft wp-image-451\" src=\"https:\/\/villaspelion.eu\/new\/wp-content\/uploads\/sea-300x240.jpg\" alt=\"\" width=\"450\" height=\"360\" srcset=\"https:\/\/villaspelion.eu\/new\/wp-content\/uploads\/sea-300x240.jpg 300w, https:\/\/villaspelion.eu\/new\/wp-content\/uploads\/sea-768x614.jpg 768w, https:\/\/villaspelion.eu\/new\/wp-content\/uploads\/sea.jpg 900w\" sizes=\"(max-width: 450px) 100vw, 450px\" \/>Zeit direkt am Meer ohne Wassersport, f\u00fcr viele ist diese Option nicht vorhanden. Und hier in Pilion gibt es &quot;2 Meere&quot; mit sch\u00f6nen Str\u00e4nden f\u00fcr jeden Geschmack.<\/h3>\n<\/div>\n<div class=\"itemFullText\">\n<h3>Sie k\u00f6nnen mit Segeln, Windsurfen, Surfen, Wasserski oder Seekajak engagieren.<\/h3>\n<h3>Seekajak ist der beste Weg zu genie\u00dfen, mit einen anderen Gesichtspunkt das Meer, die wundersch\u00f6ne K\u00fcste und Str\u00e4nde des Pilion. In den Sommermonaten, wenn das Wetter gut ist und das Wasser des Pilion ist kristallklar, erkunden Sie und erreichen Orte, an denen, sind nur zug\u00e4nglich mit dem Kajak.<\/h3>\n<h3>Es ist auch eine sehr gute Form der \u00dcbung, und tun es mit einem Freund \/ Partner, wird es in eine sch\u00f6ne Longhour Spa\u00df verwandeln.<\/h3>\n<h3>Sie haben die M\u00f6glichkeit, in den sch\u00f6nsten, unber\u00fchrten und abgelegenen Str\u00e4nden der \u00c4g\u00e4is oder die weitaus ruhigen Gew\u00e4ssern des Golf von Pagasitikos zu paddeln. Ausgehend von Elitsa, befindet sich auf der Seite der \u00c4g\u00e4is, Vorbereitung auf eine Reise zwischen den einzigartigen Felsformationen und Str\u00e4nden wie Agioi Saranda, Plaka, Agios Ioannis, Papa Nero, Damouhari, Fakistra, Milopotamos, Lambinou, Plaka Neochoriou, Pantazis Ammos, Potoki, Mouritsa, Potistika, Melani, Paltsistrand, Mourtias, Lyri und Katigiorgis.<\/h3>\n<h3>Paddeln in den tiefen Gew\u00e4ssern nach Katigiorgis Sie finden Kastro, Platanias, Mikro, Akrotiri Grava, und in den schmalen Golf von Pagasitikos, Agia Kyriaki und Millo. W\u00e4hlt man in den Gew\u00e4ssern des Golf von Pagasitikos paddeln finden Sie Palio Trikeri, das ist eine &quot;unabh\u00e4ngige&quot; Insel und es zu erkunden lohnt. Weiterbildung, Sie genie\u00dfen die ruhigen Gew\u00e4ssern des Kottes, Tzasteni, Marathias, Milina, Horto, Pau, Kalamos, Lefokastro, Afissos, Koropi, Kala Nera, Kato Gatzea, Malaki, landet Platanidia und Sie in sch\u00f6nen Agria Pelion.<\/h3>\n<h3>In den letzten Jahren mehr Menschen engagieren sich mit Kajakfahren auf dem Meer und gibt weitere H\u00e4ndler, die Kajaks mieten und gleichzeitig bieten sie Unterricht.<\/h3>\n<\/div>\n","protected":false},"excerpt":{"rendered":"<p>Wassersport Zeit direkt am Meer ohne Wassersport, f\u00fcr viele ist diese Option nicht vorhanden. Und hier in Pilion gibt es &quot;2 Meere&quot; mit sch\u00f6nen Str\u00e4nden f\u00fcr jeden Geschmack. Sie k\u00f6nnen mit Segeln, Windsurfen, Surfen, Wasserski oder Seekajak engagieren. Seekajak ist der beste Weg zu genie\u00dfen, mit einen anderen Gesichtspunkt das Meer, die wundersch\u00f6ne K\u00fcste und [&hellip;]<\/p>\n","protected":false},"author":1,"featured_media":0,"parent":553,"menu_order":0,"comment_status":"closed","ping_status":"closed","template":"","meta":{"footnotes":""},"class_list":["post-555","page","type-page","status-publish","hentry"],"yoast_head":"<!-- This site is optimized with the Yoast SEO plugin v23.8 - https:\/\/yoast.com\/wordpress\/plugins\/seo\/ -->\n<title>Wassersport | Villas in Pelion<\/title>\n<meta name=\"robots\" content=\"index, follow, max-snippet:-1, max-image-preview:large, max-video-preview:-1\" \/>\n<link rel=\"canonical\" href=\"https:\/\/villaspelion.eu\/new\/de\/aktivitaten\/wassersport\/\" \/>\n<meta property=\"og:locale\" content=\"en_US\" \/>\n<meta property=\"og:type\" content=\"article\" \/>\n<meta property=\"og:title\" content=\"Wassersport | Villas in Pelion\" \/>\n<meta property=\"og:description\" content=\"Wassersport Zeit direkt am Meer ohne Wassersport, f\u00fcr viele ist diese Option nicht vorhanden. Und hier in Pilion gibt es &quot;2 Meere&quot; mit sch\u00f6nen Str\u00e4nden f\u00fcr jeden Geschmack. Sie k\u00f6nnen mit Segeln, Windsurfen, Surfen, Wasserski oder Seekajak engagieren. Seekajak ist der beste Weg zu genie\u00dfen, mit einen anderen Gesichtspunkt das Meer, die wundersch\u00f6ne K\u00fcste und [&hellip;]\" \/>\n<meta property=\"og:url\" content=\"https:\/\/villaspelion.eu\/new\/de\/aktivitaten\/wassersport\/\" \/>\n<meta property=\"og:site_name\" content=\"Villas in Pelion\" \/>\n<meta property=\"og:image\" content=\"https:\/\/villaspelion.eu\/new\/wp-content\/uploads\/sea.jpg\" \/>\n\t<meta property=\"og:image:width\" content=\"900\" \/>\n\t<meta property=\"og:image:height\" content=\"720\" \/>\n\t<meta property=\"og:image:type\" content=\"image\/jpeg\" \/>\n<meta name=\"twitter:card\" content=\"summary_large_image\" \/>\n<meta name=\"twitter:label1\" content=\"Est. reading time\" \/>\n\t<meta name=\"twitter:data1\" content=\"2 minutes\" \/>\n<script type=\"application\/ld+json\" class=\"yoast-schema-graph\">{\"@context\":\"https:\/\/schema.org\",\"@graph\":[{\"@type\":\"WebPage\",\"@id\":\"https:\/\/villaspelion.eu\/new\/de\/aktivitaten\/wassersport\/\",\"url\":\"https:\/\/villaspelion.eu\/new\/de\/aktivitaten\/wassersport\/\",\"name\":\"Wassersport | Villas in Pelion\",\"isPartOf\":{\"@id\":\"https:\/\/villaspelion.eu\/new\/#website\"},\"primaryImageOfPage\":{\"@id\":\"https:\/\/villaspelion.eu\/new\/de\/aktivitaten\/wassersport\/#primaryimage\"},\"image\":{\"@id\":\"https:\/\/villaspelion.eu\/new\/de\/aktivitaten\/wassersport\/#primaryimage\"},\"thumbnailUrl\":\"https:\/\/villaspelion.eu\/new\/wp-content\/uploads\/sea-300x240.jpg\",\"datePublished\":\"2017-10-10T13:25:29+00:00\",\"dateModified\":\"2017-10-10T13:25:29+00:00\",\"breadcrumb\":{\"@id\":\"https:\/\/villaspelion.eu\/new\/de\/aktivitaten\/wassersport\/#breadcrumb\"},\"inLanguage\":\"en-US\",\"potentialAction\":[{\"@type\":\"ReadAction\",\"target\":[\"https:\/\/villaspelion.eu\/new\/de\/aktivitaten\/wassersport\/\"]}]},{\"@type\":\"ImageObject\",\"inLanguage\":\"en-US\",\"@id\":\"https:\/\/villaspelion.eu\/new\/de\/aktivitaten\/wassersport\/#primaryimage\",\"url\":\"https:\/\/villaspelion.eu\/new\/wp-content\/uploads\/sea.jpg\",\"contentUrl\":\"https:\/\/villaspelion.eu\/new\/wp-content\/uploads\/sea.jpg\",\"width\":900,\"height\":720},{\"@type\":\"BreadcrumbList\",\"@id\":\"https:\/\/villaspelion.eu\/new\/de\/aktivitaten\/wassersport\/#breadcrumb\",\"itemListElement\":[{\"@type\":\"ListItem\",\"position\":1,\"name\":\"Home\",\"item\":\"https:\/\/villaspelion.eu\/new\/\"},{\"@type\":\"ListItem\",\"position\":2,\"name\":\"Aktivit\u00e4ten\",\"item\":\"https:\/\/villaspelion.eu\/new\/de\/aktivitaten\/\"},{\"@type\":\"ListItem\",\"position\":3,\"name\":\"Wassersport\"}]},{\"@type\":\"WebSite\",\"@id\":\"https:\/\/villaspelion.eu\/new\/#website\",\"url\":\"https:\/\/villaspelion.eu\/new\/\",\"name\":\"Villas in Pelion\",\"description\":\"Villas for sale in Pelion\",\"potentialAction\":[{\"@type\":\"SearchAction\",\"target\":{\"@type\":\"EntryPoint\",\"urlTemplate\":\"https:\/\/villaspelion.eu\/new\/?s={search_term_string}\"},\"query-input\":{\"@type\":\"PropertyValueSpecification\",\"valueRequired\":true,\"valueName\":\"search_term_string\"}}],\"inLanguage\":\"en-US\"}]}<\/script>\n<!-- \/ Yoast SEO plugin. -->","yoast_head_json":{"title":"Wassersport | Villas in Pelion","robots":{"index":"index","follow":"follow","max-snippet":"max-snippet:-1","max-image-preview":"max-image-preview:large","max-video-preview":"max-video-preview:-1"},"canonical":"https:\/\/villaspelion.eu\/new\/de\/aktivitaten\/wassersport\/","og_locale":"en_US","og_type":"article","og_title":"Wassersport | Villas in Pelion","og_description":"Wassersport Zeit direkt am Meer ohne Wassersport, f\u00fcr viele ist diese Option nicht vorhanden. Und hier in Pilion gibt es &quot;2 Meere&quot; mit sch\u00f6nen Str\u00e4nden f\u00fcr jeden Geschmack. Sie k\u00f6nnen mit Segeln, Windsurfen, Surfen, Wasserski oder Seekajak engagieren. Seekajak ist der beste Weg zu genie\u00dfen, mit einen anderen Gesichtspunkt das Meer, die wundersch\u00f6ne K\u00fcste und [&hellip;]","og_url":"https:\/\/villaspelion.eu\/new\/de\/aktivitaten\/wassersport\/","og_site_name":"Villas in Pelion","og_image":[{"width":900,"height":720,"url":"https:\/\/villaspelion.eu\/new\/wp-content\/uploads\/sea.jpg","type":"image\/jpeg"}],"twitter_card":"summary_large_image","twitter_misc":{"Est. reading time":"2 minutes"},"schema":{"@context":"https:\/\/schema.org","@graph":[{"@type":"WebPage","@id":"https:\/\/villaspelion.eu\/new\/de\/aktivitaten\/wassersport\/","url":"https:\/\/villaspelion.eu\/new\/de\/aktivitaten\/wassersport\/","name":"Wassersport | Villas in Pelion","isPartOf":{"@id":"https:\/\/villaspelion.eu\/new\/#website"},"primaryImageOfPage":{"@id":"https:\/\/villaspelion.eu\/new\/de\/aktivitaten\/wassersport\/#primaryimage"},"image":{"@id":"https:\/\/villaspelion.eu\/new\/de\/aktivitaten\/wassersport\/#primaryimage"},"thumbnailUrl":"https:\/\/villaspelion.eu\/new\/wp-content\/uploads\/sea-300x240.jpg","datePublished":"2017-10-10T13:25:29+00:00","dateModified":"2017-10-10T13:25:29+00:00","breadcrumb":{"@id":"https:\/\/villaspelion.eu\/new\/de\/aktivitaten\/wassersport\/#breadcrumb"},"inLanguage":"en-US","potentialAction":[{"@type":"ReadAction","target":["https:\/\/villaspelion.eu\/new\/de\/aktivitaten\/wassersport\/"]}]},{"@type":"ImageObject","inLanguage":"en-US","@id":"https:\/\/villaspelion.eu\/new\/de\/aktivitaten\/wassersport\/#primaryimage","url":"https:\/\/villaspelion.eu\/new\/wp-content\/uploads\/sea.jpg","contentUrl":"https:\/\/villaspelion.eu\/new\/wp-content\/uploads\/sea.jpg","width":900,"height":720},{"@type":"BreadcrumbList","@id":"https:\/\/villaspelion.eu\/new\/de\/aktivitaten\/wassersport\/#breadcrumb","itemListElement":[{"@type":"ListItem","position":1,"name":"Home","item":"https:\/\/villaspelion.eu\/new\/"},{"@type":"ListItem","position":2,"name":"Aktivit\u00e4ten","item":"https:\/\/villaspelion.eu\/new\/de\/aktivitaten\/"},{"@type":"ListItem","position":3,"name":"Wassersport"}]},{"@type":"WebSite","@id":"https:\/\/villaspelion.eu\/new\/#website","url":"https:\/\/villaspelion.eu\/new\/","name":"Villas in Pelion","description":"Villas for sale in Pelion","potentialAction":[{"@type":"SearchAction","target":{"@type":"EntryPoint","urlTemplate":"https:\/\/villaspelion.eu\/new\/?s={search_term_string}"},"query-input":{"@type":"PropertyValueSpecification","valueRequired":true,"valueName":"search_term_string"}}],"inLanguage":"en-US"}]}},"_links":{"self":[{"href":"https:\/\/villaspelion.eu\/new\/wp-json\/wp\/v2\/pages\/555"}],"collection":[{"href":"https:\/\/villaspelion.eu\/new\/wp-json\/wp\/v2\/pages"}],"about":[{"href":"https:\/\/villaspelion.eu\/new\/wp-json\/wp\/v2\/types\/page"}],"author":[{"embeddable":true,"href":"https:\/\/villaspelion.eu\/new\/wp-json\/wp\/v2\/users\/1"}],"replies":[{"embeddable":true,"href":"https:\/\/villaspelion.eu\/new\/wp-json\/wp\/v2\/comments?post=555"}],"version-history":[{"count":0,"href":"https:\/\/villaspelion.eu\/new\/wp-json\/wp\/v2\/pages\/555\/revisions"}],"up":[{"embeddable":true,"href":"https:\/\/villaspelion.eu\/new\/wp-json\/wp\/v2\/pages\/553"}],"wp:attachment":[{"href":"https:\/\/villaspelion.eu\/new\/wp-json\/wp\/v2\/media?parent=555"}],"curies":[{"name":"wp","href":"https:\/\/api.w.org\/{rel}","templated":true}]}}