{"id":553,"date":"2017-10-09T23:00:09","date_gmt":"2017-10-09T23:00:09","guid":{"rendered":"http:\/\/villaspelion.eu\/new\/?page_id=341"},"modified":"2017-10-09T23:00:09","modified_gmt":"2017-10-09T23:00:09","slug":"aktivitaten","status":"publish","type":"page","link":"https:\/\/villaspelion.eu\/new\/de\/aktivitaten\/","title":{"rendered":"Aktivit\u00e4ten"},"content":{"rendered":"<h2 class=\"itemTitle\">Die Wege des Pilion!!!<\/h2>\n<div class=\"itemFullText\">\n<h3><img loading=\"lazy\" decoding=\"async\" class=\"wp-image-407 alignleft\" src=\"https:\/\/villaspelion.eu\/new\/wp-content\/uploads\/activities-300x225.jpg\" alt=\"\" width=\"450\" height=\"338\" srcset=\"https:\/\/villaspelion.eu\/new\/wp-content\/uploads\/activities-300x225.jpg 300w, https:\/\/villaspelion.eu\/new\/wp-content\/uploads\/activities-768x576.jpg 768w, https:\/\/villaspelion.eu\/new\/wp-content\/uploads\/activities.jpg 900w\" sizes=\"(max-width: 450px) 100vw, 450px\" \/>Auf den Pfaden des Pilion ist ein einzigartiges Erlebnis f\u00fcr jedes Mal, wenn Sie sogar auf dem gleichen Weg gehen, unterschiedliche Gef\u00fchle entstehen.<\/h3>\n<h3>Manchmal gehen Sie mit warmem Wetter unter der Sonne, ein andermal mit kaltem Wetter unter der Sonne, Regen oder Nebel&#8230;<\/h3>\n<h3>In den Morgenstunden oder in der D\u00e4mmerung, im Fr\u00fchling oder im Winter gehen Sie versuchen, die zahlreiche Pilze vermeiden, die eine der gaben der Natur und atmen die frische, bergigen Luft des Pilion.<\/h3>\n<h3>Auf den Pfaden des Pilion ist eine alternative, kosteng\u00fcnstige Freizeitbesch\u00e4ftigung, die mit einer Reihe von anderen Aktivit\u00e4ten, z. B. Foto, Exploration, kombinierbar zu besuchen, Denkm\u00e4ler usw., bietet auch eine wertvolle f\u00fcr Gesundheits\u00fcbung.<\/h3>\n<\/div>\n","protected":false},"excerpt":{"rendered":"<p>Die Wege des Pilion!!! Auf den Pfaden des Pilion ist ein einzigartiges Erlebnis f\u00fcr jedes Mal, wenn Sie sogar auf dem gleichen Weg gehen, unterschiedliche Gef\u00fchle entstehen. Manchmal gehen Sie mit warmem Wetter unter der Sonne, ein andermal mit kaltem Wetter unter der Sonne, Regen oder Nebel&#8230; In den Morgenstunden oder in der D\u00e4mmerung, im [&hellip;]<\/p>\n","protected":false},"author":1,"featured_media":0,"parent":0,"menu_order":0,"comment_status":"closed","ping_status":"closed","template":"","meta":{"footnotes":""},"class_list":["post-553","page","type-page","status-publish","hentry"],"yoast_head":"<!-- This site is optimized with the Yoast SEO plugin v23.8 - https:\/\/yoast.com\/wordpress\/plugins\/seo\/ -->\n<title>Aktivit\u00e4ten | Villas in Pelion<\/title>\n<meta name=\"robots\" content=\"index, follow, max-snippet:-1, max-image-preview:large, max-video-preview:-1\" \/>\n<link rel=\"canonical\" href=\"https:\/\/villaspelion.eu\/new\/de\/aktivitaten\/\" \/>\n<meta property=\"og:locale\" content=\"en_US\" \/>\n<meta property=\"og:type\" content=\"article\" \/>\n<meta property=\"og:title\" content=\"Aktivit\u00e4ten | Villas in Pelion\" \/>\n<meta property=\"og:description\" content=\"Die Wege des Pilion!!! Auf den Pfaden des Pilion ist ein einzigartiges Erlebnis f\u00fcr jedes Mal, wenn Sie sogar auf dem gleichen Weg gehen, unterschiedliche Gef\u00fchle entstehen. Manchmal gehen Sie mit warmem Wetter unter der Sonne, ein andermal mit kaltem Wetter unter der Sonne, Regen oder Nebel&#8230; In den Morgenstunden oder in der D\u00e4mmerung, im [&hellip;]\" \/>\n<meta property=\"og:url\" content=\"https:\/\/villaspelion.eu\/new\/de\/aktivitaten\/\" \/>\n<meta property=\"og:site_name\" content=\"Villas in Pelion\" \/>\n<meta property=\"og:image\" content=\"https:\/\/villaspelion.eu\/new\/wp-content\/uploads\/activities.jpg\" \/>\n\t<meta property=\"og:image:width\" content=\"900\" \/>\n\t<meta property=\"og:image:height\" content=\"675\" \/>\n\t<meta property=\"og:image:type\" content=\"image\/jpeg\" \/>\n<meta name=\"twitter:card\" content=\"summary_large_image\" \/>\n<meta name=\"twitter:label1\" content=\"Est. reading time\" \/>\n\t<meta name=\"twitter:data1\" content=\"1 minute\" \/>\n<script type=\"application\/ld+json\" class=\"yoast-schema-graph\">{\"@context\":\"https:\/\/schema.org\",\"@graph\":[{\"@type\":\"WebPage\",\"@id\":\"https:\/\/villaspelion.eu\/new\/de\/aktivitaten\/\",\"url\":\"https:\/\/villaspelion.eu\/new\/de\/aktivitaten\/\",\"name\":\"Aktivit\u00e4ten | Villas in Pelion\",\"isPartOf\":{\"@id\":\"https:\/\/villaspelion.eu\/new\/#website\"},\"primaryImageOfPage\":{\"@id\":\"https:\/\/villaspelion.eu\/new\/de\/aktivitaten\/#primaryimage\"},\"image\":{\"@id\":\"https:\/\/villaspelion.eu\/new\/de\/aktivitaten\/#primaryimage\"},\"thumbnailUrl\":\"https:\/\/villaspelion.eu\/new\/wp-content\/uploads\/activities-300x225.jpg\",\"datePublished\":\"2017-10-09T23:00:09+00:00\",\"dateModified\":\"2017-10-09T23:00:09+00:00\",\"breadcrumb\":{\"@id\":\"https:\/\/villaspelion.eu\/new\/de\/aktivitaten\/#breadcrumb\"},\"inLanguage\":\"en-US\",\"potentialAction\":[{\"@type\":\"ReadAction\",\"target\":[\"https:\/\/villaspelion.eu\/new\/de\/aktivitaten\/\"]}]},{\"@type\":\"ImageObject\",\"inLanguage\":\"en-US\",\"@id\":\"https:\/\/villaspelion.eu\/new\/de\/aktivitaten\/#primaryimage\",\"url\":\"https:\/\/villaspelion.eu\/new\/wp-content\/uploads\/activities.jpg\",\"contentUrl\":\"https:\/\/villaspelion.eu\/new\/wp-content\/uploads\/activities.jpg\",\"width\":900,\"height\":675},{\"@type\":\"BreadcrumbList\",\"@id\":\"https:\/\/villaspelion.eu\/new\/de\/aktivitaten\/#breadcrumb\",\"itemListElement\":[{\"@type\":\"ListItem\",\"position\":1,\"name\":\"Home\",\"item\":\"https:\/\/villaspelion.eu\/new\/\"},{\"@type\":\"ListItem\",\"position\":2,\"name\":\"Aktivit\u00e4ten\"}]},{\"@type\":\"WebSite\",\"@id\":\"https:\/\/villaspelion.eu\/new\/#website\",\"url\":\"https:\/\/villaspelion.eu\/new\/\",\"name\":\"Villas in Pelion\",\"description\":\"Villas for sale in Pelion\",\"potentialAction\":[{\"@type\":\"SearchAction\",\"target\":{\"@type\":\"EntryPoint\",\"urlTemplate\":\"https:\/\/villaspelion.eu\/new\/?s={search_term_string}\"},\"query-input\":{\"@type\":\"PropertyValueSpecification\",\"valueRequired\":true,\"valueName\":\"search_term_string\"}}],\"inLanguage\":\"en-US\"}]}<\/script>\n<!-- \/ Yoast SEO plugin. -->","yoast_head_json":{"title":"Aktivit\u00e4ten | Villas in Pelion","robots":{"index":"index","follow":"follow","max-snippet":"max-snippet:-1","max-image-preview":"max-image-preview:large","max-video-preview":"max-video-preview:-1"},"canonical":"https:\/\/villaspelion.eu\/new\/de\/aktivitaten\/","og_locale":"en_US","og_type":"article","og_title":"Aktivit\u00e4ten | Villas in Pelion","og_description":"Die Wege des Pilion!!! Auf den Pfaden des Pilion ist ein einzigartiges Erlebnis f\u00fcr jedes Mal, wenn Sie sogar auf dem gleichen Weg gehen, unterschiedliche Gef\u00fchle entstehen. Manchmal gehen Sie mit warmem Wetter unter der Sonne, ein andermal mit kaltem Wetter unter der Sonne, Regen oder Nebel&#8230; In den Morgenstunden oder in der D\u00e4mmerung, im [&hellip;]","og_url":"https:\/\/villaspelion.eu\/new\/de\/aktivitaten\/","og_site_name":"Villas in Pelion","og_image":[{"width":900,"height":675,"url":"https:\/\/villaspelion.eu\/new\/wp-content\/uploads\/activities.jpg","type":"image\/jpeg"}],"twitter_card":"summary_large_image","twitter_misc":{"Est. reading time":"1 minute"},"schema":{"@context":"https:\/\/schema.org","@graph":[{"@type":"WebPage","@id":"https:\/\/villaspelion.eu\/new\/de\/aktivitaten\/","url":"https:\/\/villaspelion.eu\/new\/de\/aktivitaten\/","name":"Aktivit\u00e4ten | Villas in Pelion","isPartOf":{"@id":"https:\/\/villaspelion.eu\/new\/#website"},"primaryImageOfPage":{"@id":"https:\/\/villaspelion.eu\/new\/de\/aktivitaten\/#primaryimage"},"image":{"@id":"https:\/\/villaspelion.eu\/new\/de\/aktivitaten\/#primaryimage"},"thumbnailUrl":"https:\/\/villaspelion.eu\/new\/wp-content\/uploads\/activities-300x225.jpg","datePublished":"2017-10-09T23:00:09+00:00","dateModified":"2017-10-09T23:00:09+00:00","breadcrumb":{"@id":"https:\/\/villaspelion.eu\/new\/de\/aktivitaten\/#breadcrumb"},"inLanguage":"en-US","potentialAction":[{"@type":"ReadAction","target":["https:\/\/villaspelion.eu\/new\/de\/aktivitaten\/"]}]},{"@type":"ImageObject","inLanguage":"en-US","@id":"https:\/\/villaspelion.eu\/new\/de\/aktivitaten\/#primaryimage","url":"https:\/\/villaspelion.eu\/new\/wp-content\/uploads\/activities.jpg","contentUrl":"https:\/\/villaspelion.eu\/new\/wp-content\/uploads\/activities.jpg","width":900,"height":675},{"@type":"BreadcrumbList","@id":"https:\/\/villaspelion.eu\/new\/de\/aktivitaten\/#breadcrumb","itemListElement":[{"@type":"ListItem","position":1,"name":"Home","item":"https:\/\/villaspelion.eu\/new\/"},{"@type":"ListItem","position":2,"name":"Aktivit\u00e4ten"}]},{"@type":"WebSite","@id":"https:\/\/villaspelion.eu\/new\/#website","url":"https:\/\/villaspelion.eu\/new\/","name":"Villas in Pelion","description":"Villas for sale in Pelion","potentialAction":[{"@type":"SearchAction","target":{"@type":"EntryPoint","urlTemplate":"https:\/\/villaspelion.eu\/new\/?s={search_term_string}"},"query-input":{"@type":"PropertyValueSpecification","valueRequired":true,"valueName":"search_term_string"}}],"inLanguage":"en-US"}]}},"_links":{"self":[{"href":"https:\/\/villaspelion.eu\/new\/wp-json\/wp\/v2\/pages\/553"}],"collection":[{"href":"https:\/\/villaspelion.eu\/new\/wp-json\/wp\/v2\/pages"}],"about":[{"href":"https:\/\/villaspelion.eu\/new\/wp-json\/wp\/v2\/types\/page"}],"author":[{"embeddable":true,"href":"https:\/\/villaspelion.eu\/new\/wp-json\/wp\/v2\/users\/1"}],"replies":[{"embeddable":true,"href":"https:\/\/villaspelion.eu\/new\/wp-json\/wp\/v2\/comments?post=553"}],"version-history":[{"count":0,"href":"https:\/\/villaspelion.eu\/new\/wp-json\/wp\/v2\/pages\/553\/revisions"}],"wp:attachment":[{"href":"https:\/\/villaspelion.eu\/new\/wp-json\/wp\/v2\/media?parent=553"}],"curies":[{"name":"wp","href":"https:\/\/api.w.org\/{rel}","templated":true}]}}