{"id":32,"date":"2016-11-08T09:33:23","date_gmt":"2016-11-08T07:33:23","guid":{"rendered":"http:\/\/preview.ait-themes.club\/theme\/architect\/?page_id=32"},"modified":"2017-10-19T09:37:59","modified_gmt":"2017-10-19T06:37:59","slug":"haus","status":"publish","type":"page","link":"https:\/\/villaspelion.eu\/new\/de\/","title":{"rendered":"Haus"},"content":{"rendered":"<h1>Willkommen im Pilion&#8230;<\/h1>\n<p><img loading=\"lazy\" decoding=\"async\" class=\"alignnone wp-image-1349 size-full\" src=\"https:\/\/villaspelion.eu\/new\/wp-content\/uploads\/panoramic01-min.jpg\" alt=\"\" width=\"2048\" height=\"558\" srcset=\"https:\/\/villaspelion.eu\/new\/wp-content\/uploads\/panoramic01-min.jpg 2048w, https:\/\/villaspelion.eu\/new\/wp-content\/uploads\/panoramic01-min-300x82.jpg 300w, https:\/\/villaspelion.eu\/new\/wp-content\/uploads\/panoramic01-min-768x209.jpg 768w, https:\/\/villaspelion.eu\/new\/wp-content\/uploads\/panoramic01-min-1024x279.jpg 1024w\" sizes=\"(max-width: 2048px) 100vw, 2048px\" \/><\/p>\n<h3>Pilion ist ein Berg im Herzen des griechischen Territoriums und geh\u00f6rt zur Grafschaft von Magnesia, ganz in der N\u00e4he der Stadt Volos.<\/h3>\n<h3>Es ist eine sehr glatte, ruhige Berg ohne gef\u00e4hrliche Schluchten und Canyons; die N\u00e4he zum Meer macht es viel interessanter. Man k\u00f6nnte sagen, dass Mt. Pilion ist die nat\u00fcrliche Grenze zwischen der Grafschaft von Magnesia und das Mittelmeer. Dieses Element ist genau das, was Pilion eine einzigartige Bergwelt im griechischen Bereich macht. Mt. Pilion ist ein eher niedriger Berg &#8211; der h\u00f6chste Gipfel wird &#8220;Pouritanos Stavros&#8221; mit 1,624 m Seeh\u00f6he.<\/h3>\n<h3>Entsprechend der griechischen Mytholo<img loading=\"lazy\" decoding=\"async\" class=\"wp-image-380 alignright\" src=\"https:\/\/villaspelion.eu\/new\/wp-content\/uploads\/2017\/10\/2fa67f482133f1c934235b73c2a03954-300x240.jpg\" alt=\"\" width=\"503\" height=\"402\" srcset=\"https:\/\/villaspelion.eu\/new\/wp-content\/uploads\/2017\/10\/2fa67f482133f1c934235b73c2a03954-300x240.jpg 300w, https:\/\/villaspelion.eu\/new\/wp-content\/uploads\/2017\/10\/2fa67f482133f1c934235b73c2a03954-768x614.jpg 768w, https:\/\/villaspelion.eu\/new\/wp-content\/uploads\/2017\/10\/2fa67f482133f1c934235b73c2a03954.jpg 945w\" sizes=\"(max-width: 503px) 100vw, 503px\" \/>gie, der Gipfel des Berges war die Heimat des Zeus die Acreos und das gesamte Gebiet des Berges war bewohnt von Centavros, halb Mensch halb Pferd. Es war auch das K\u00f6nigreich eine sehr gerechte und ehrliche Centavre genannt Cheiron, die F\u00e4higkeit, Menschen mit Kr\u00e4utern zu heilen von den verzauberten h\u00e4ngen des Mt sammelte. Pilion. Seit der Antike Pilion war nicht nur f\u00fcr seine dichten gr\u00fcnen Wald bekannt, aber war auch bekannt als der &#8220;medizinischen Berg&#8221;, da war es voll von Heilkr\u00e4uter und Pflanzen. Die Sch\u00f6nheiten des Mt. Pilion wurde von vielen Autoren in der alten Geschichte gelobt. Homer nennt es &#8220;Einosifyllon&#8221; Bedeutung Wind geblasen, Isiodos nannte es &#8220;Ylie&#8221; f\u00fcr seine dichten Wald, Ovid erw\u00e4hnt die Berge &#8220;Aip&#8221; seine Spalten, Pindaros &#8220;Anemosfarages Playies&#8221; wind geblasene Pisten, Simonidis nennt es &#8220;Mega&#8221; f\u00fcr seine Pracht, Heraklidis &#8220;Polifarmakon&#8221; f\u00fcr seine gro\u00dfe Vielfalt an Kr\u00e4utern. Pilion kann in 3 Abschnitte unterteilt:<\/h3>\n<h3>\u2022 Nord Pilion<\/h3>\n<h3>\u2022 Zentrale Pilion<\/h3>\n<h3>\u2022 S\u00fcd Pilion.<\/h3>\n<h3>Nord Pilion ist weniger dicht besiedelt, obwohl gr\u00fcner als andere Abschnitte. Zentralen Pelion, wo gibt es hohe Berge ist die am weitesten entwickelte Region und \u00fcberall gibt es Zeichen von Kultur und Tradition. S\u00fcd Pilion ist weniger gr\u00fcn, hat weniger Wasser und seine eher eine Ebene Fl\u00e4che.\u00a0Zentralen Pelion gliedert sich in Ost und West. Das gesamte Gebiet des \u00f6stlichen Pilion ist von dichten W\u00e4ldern in allen Schattierungen von Gr\u00fcn bedeckt und grau-gr\u00fcn und in v\u00f6lliger Harmonie mit der blau-gr\u00fcne Wasser des Mittelmeers. Hier kann man buchen, Platanen, Kastanien, Olivenb\u00e4ume, Orangenplantagen zusammen mit der gesamten Piste in voller Bl\u00fcte und k\u00fchlen schattigen Bereichen mit kaltem Wasser bewundern. Malerische D\u00f6rfer nisten in den Berg, traditionellen Steinh\u00e4usern, Wege mit Steinen und bergauf Stra\u00dfen gepflastert alle komponierten Bild von seltener Sch\u00f6nheit. Pilion hat ein einmaliges Klima, vor allem im Winter, und das macht es noch spezieller. Obwohl, wie bereits erw\u00e4hnt, es niedriger H\u00f6he ist, erh\u00e4lt es intensiven Schneefall, vor allem w\u00e4hrend der Winter &#8211; noch mehr Schnee als Bereiche der gr\u00f6\u00dferen H\u00f6he. Die N\u00e4he zum Meer scheint Bedingungen ideal machen. Wenn Nordost-Schlag, der erste Berg schl\u00e4ngelt sich treffen sie ist Mt. Pelion und so dort ist und erh\u00f6hte Niederschl\u00e4ge. Dadurch beobachtet man Wasser l\u00e4uft endlos im Bereich in Form von Fl\u00fcssen oder B\u00e4chen. Im Allgemeinen k\u00f6nnte man sagen, dass Wasser ist das Grundelement, das Pelion charakterisiert. Seit der Antike die Bewohner des Pilion die Str\u00f6mung des Wassers durch Bew\u00e4sserung ihrer Felder durch Drehen Wasserr\u00e4der um ihre Textilien, deren Flokati oder ihre Teppiche reinigen genutzt. Olive Pressen und M\u00fchlen waren ein allt\u00e4glicher Anblick in der Gegend wegen der reichlich vorhandenen Zustrom an Gew\u00e4ssern.<\/h3>\n<h3>Das Element, das Menschen bewohnen Pilion &#8211; abgesehen von seiner erstaunlichen Umwelt &#8211; sind sehr produktiv Erde und das endlose Wasser umfasst, ein Element der Zivilisation. Die ersten D\u00f6rfer, wo hoch in den Bergen seit der Menschen oberste Priorit\u00e4t gebaut ihre Sicherheit war.<\/h3>\n<h3>Die Bergregionen des Pilion, die Bereiche der am weitesten vom Meer entfernt, sicher f\u00fcr zwei Hauptgr\u00fcnde galten; Es war zun\u00e4chst gro\u00dfe Entfernung von den Piraten, und zweitens gab es ihnen einen leichten Zugang in den Wald zu entkommen. Aus diesen beiden Gr\u00fcnden treffen wir vor allem viele D\u00f6rfer auf der H\u00f6he von 500m, jeweils als ein Resort an sich, die in der Vergangenheit keine touristischen Interesse hatte. In den alten Tagen bot diese genaue Punkte lediglich einfachen Zugang f\u00fcr die Lieferung von Lebensmitteln, waren und andere Notwendigkeiten. Infolgedessen haben nicht alle Kirchen, Pl\u00e4tzen oder eines die gemeinsamen Merkmale der D\u00f6rfer, die wir treffen in der bergigen Zone des Pilion.<\/h3>\n<h3>Die Entwicklung der K\u00fcstenregion des Pilion kam erst viel sp\u00e4ter klar aus touristischen Gr\u00fcnden. Pilion, in gewisser Weise entspringt aus dem Meer, und steigt pl\u00f6tzlich, vor allem auf der Ostseite. Sie sehen, Sie leben es, Sie beobachten IT&#8230; und den Fu\u00df des Berges entdecken Sie wundersch\u00f6ne Str\u00e4nde&#8230;<\/h3>\n<h3>Diese Kombination von Meer und die Berge ist einzigartig&#8230;<\/h3>\n","protected":false},"excerpt":{"rendered":"<p>Willkommen im Pilion&#8230; Pilion ist ein Berg im Herzen des griechischen Territoriums und geh\u00f6rt zur Grafschaft von Magnesia, ganz in der N\u00e4he der Stadt Volos. Es ist eine sehr glatte, ruhige Berg ohne gef\u00e4hrliche Schluchten und Canyons; die N\u00e4he zum Meer macht es viel interessanter. Man k\u00f6nnte sagen, dass Mt. Pilion ist die nat\u00fcrliche Grenze [&hellip;]<\/p>\n","protected":false},"author":1,"featured_media":0,"parent":0,"menu_order":0,"comment_status":"closed","ping_status":"closed","template":"","meta":{"footnotes":""},"class_list":["post-32","page","type-page","status-publish","hentry"],"yoast_head":"<!-- This site is optimized with the Yoast SEO plugin v23.8 - https:\/\/yoast.com\/wordpress\/plugins\/seo\/ -->\n<title>Haus | Villas in Pelion<\/title>\n<meta name=\"robots\" content=\"index, follow, max-snippet:-1, max-image-preview:large, max-video-preview:-1\" \/>\n<link rel=\"canonical\" href=\"https:\/\/villaspelion.eu\/new\/de\/\" \/>\n<meta property=\"og:locale\" content=\"en_US\" \/>\n<meta property=\"og:type\" content=\"article\" \/>\n<meta property=\"og:title\" content=\"Haus | Villas in Pelion\" \/>\n<meta property=\"og:description\" content=\"Willkommen im Pilion&#8230; Pilion ist ein Berg im Herzen des griechischen Territoriums und geh\u00f6rt zur Grafschaft von Magnesia, ganz in der N\u00e4he der Stadt Volos. Es ist eine sehr glatte, ruhige Berg ohne gef\u00e4hrliche Schluchten und Canyons; die N\u00e4he zum Meer macht es viel interessanter. Man k\u00f6nnte sagen, dass Mt. Pilion ist die nat\u00fcrliche Grenze [&hellip;]\" \/>\n<meta property=\"og:url\" content=\"https:\/\/villaspelion.eu\/new\/de\/\" \/>\n<meta property=\"og:site_name\" content=\"Villas in Pelion\" \/>\n<meta property=\"article:modified_time\" content=\"2017-10-19T06:37:59+00:00\" \/>\n<meta property=\"og:image\" content=\"https:\/\/villaspelion.eu\/new\/wp-content\/uploads\/panoramic01-min.jpg\" \/>\n\t<meta property=\"og:image:width\" content=\"2048\" \/>\n\t<meta property=\"og:image:height\" content=\"558\" \/>\n\t<meta property=\"og:image:type\" content=\"image\/jpeg\" \/>\n<meta name=\"twitter:card\" content=\"summary_large_image\" \/>\n<meta name=\"twitter:label1\" content=\"Est. reading time\" \/>\n\t<meta name=\"twitter:data1\" content=\"4 minutes\" \/>\n<script type=\"application\/ld+json\" class=\"yoast-schema-graph\">{\"@context\":\"https:\/\/schema.org\",\"@graph\":[{\"@type\":\"WebPage\",\"@id\":\"https:\/\/villaspelion.eu\/new\/de\/\",\"url\":\"https:\/\/villaspelion.eu\/new\/de\/\",\"name\":\"Haus | Villas in Pelion\",\"isPartOf\":{\"@id\":\"https:\/\/villaspelion.eu\/new\/#website\"},\"primaryImageOfPage\":{\"@id\":\"https:\/\/villaspelion.eu\/new\/de\/#primaryimage\"},\"image\":{\"@id\":\"https:\/\/villaspelion.eu\/new\/de\/#primaryimage\"},\"thumbnailUrl\":\"https:\/\/villaspelion.eu\/new\/wp-content\/uploads\/panoramic01-min.jpg\",\"datePublished\":\"2016-11-08T07:33:23+00:00\",\"dateModified\":\"2017-10-19T06:37:59+00:00\",\"breadcrumb\":{\"@id\":\"https:\/\/villaspelion.eu\/new\/de\/#breadcrumb\"},\"inLanguage\":\"en-US\",\"potentialAction\":[{\"@type\":\"ReadAction\",\"target\":[\"https:\/\/villaspelion.eu\/new\/de\/\"]}]},{\"@type\":\"ImageObject\",\"inLanguage\":\"en-US\",\"@id\":\"https:\/\/villaspelion.eu\/new\/de\/#primaryimage\",\"url\":\"https:\/\/villaspelion.eu\/new\/wp-content\/uploads\/panoramic01-min.jpg\",\"contentUrl\":\"https:\/\/villaspelion.eu\/new\/wp-content\/uploads\/panoramic01-min.jpg\",\"width\":2048,\"height\":558},{\"@type\":\"BreadcrumbList\",\"@id\":\"https:\/\/villaspelion.eu\/new\/de\/#breadcrumb\",\"itemListElement\":[{\"@type\":\"ListItem\",\"position\":1,\"name\":\"Home\",\"item\":\"https:\/\/villaspelion.eu\/new\/\"},{\"@type\":\"ListItem\",\"position\":2,\"name\":\"Haus\"}]},{\"@type\":\"WebSite\",\"@id\":\"https:\/\/villaspelion.eu\/new\/#website\",\"url\":\"https:\/\/villaspelion.eu\/new\/\",\"name\":\"Villas in Pelion\",\"description\":\"Villas for sale in Pelion\",\"potentialAction\":[{\"@type\":\"SearchAction\",\"target\":{\"@type\":\"EntryPoint\",\"urlTemplate\":\"https:\/\/villaspelion.eu\/new\/?s={search_term_string}\"},\"query-input\":{\"@type\":\"PropertyValueSpecification\",\"valueRequired\":true,\"valueName\":\"search_term_string\"}}],\"inLanguage\":\"en-US\"}]}<\/script>\n<!-- \/ Yoast SEO plugin. -->","yoast_head_json":{"title":"Haus | Villas in Pelion","robots":{"index":"index","follow":"follow","max-snippet":"max-snippet:-1","max-image-preview":"max-image-preview:large","max-video-preview":"max-video-preview:-1"},"canonical":"https:\/\/villaspelion.eu\/new\/de\/","og_locale":"en_US","og_type":"article","og_title":"Haus | Villas in Pelion","og_description":"Willkommen im Pilion&#8230; Pilion ist ein Berg im Herzen des griechischen Territoriums und geh\u00f6rt zur Grafschaft von Magnesia, ganz in der N\u00e4he der Stadt Volos. Es ist eine sehr glatte, ruhige Berg ohne gef\u00e4hrliche Schluchten und Canyons; die N\u00e4he zum Meer macht es viel interessanter. Man k\u00f6nnte sagen, dass Mt. Pilion ist die nat\u00fcrliche Grenze [&hellip;]","og_url":"https:\/\/villaspelion.eu\/new\/de\/","og_site_name":"Villas in Pelion","article_modified_time":"2017-10-19T06:37:59+00:00","og_image":[{"width":2048,"height":558,"url":"https:\/\/villaspelion.eu\/new\/wp-content\/uploads\/panoramic01-min.jpg","type":"image\/jpeg"}],"twitter_card":"summary_large_image","twitter_misc":{"Est. reading time":"4 minutes"},"schema":{"@context":"https:\/\/schema.org","@graph":[{"@type":"WebPage","@id":"https:\/\/villaspelion.eu\/new\/de\/","url":"https:\/\/villaspelion.eu\/new\/de\/","name":"Haus | Villas in Pelion","isPartOf":{"@id":"https:\/\/villaspelion.eu\/new\/#website"},"primaryImageOfPage":{"@id":"https:\/\/villaspelion.eu\/new\/de\/#primaryimage"},"image":{"@id":"https:\/\/villaspelion.eu\/new\/de\/#primaryimage"},"thumbnailUrl":"https:\/\/villaspelion.eu\/new\/wp-content\/uploads\/panoramic01-min.jpg","datePublished":"2016-11-08T07:33:23+00:00","dateModified":"2017-10-19T06:37:59+00:00","breadcrumb":{"@id":"https:\/\/villaspelion.eu\/new\/de\/#breadcrumb"},"inLanguage":"en-US","potentialAction":[{"@type":"ReadAction","target":["https:\/\/villaspelion.eu\/new\/de\/"]}]},{"@type":"ImageObject","inLanguage":"en-US","@id":"https:\/\/villaspelion.eu\/new\/de\/#primaryimage","url":"https:\/\/villaspelion.eu\/new\/wp-content\/uploads\/panoramic01-min.jpg","contentUrl":"https:\/\/villaspelion.eu\/new\/wp-content\/uploads\/panoramic01-min.jpg","width":2048,"height":558},{"@type":"BreadcrumbList","@id":"https:\/\/villaspelion.eu\/new\/de\/#breadcrumb","itemListElement":[{"@type":"ListItem","position":1,"name":"Home","item":"https:\/\/villaspelion.eu\/new\/"},{"@type":"ListItem","position":2,"name":"Haus"}]},{"@type":"WebSite","@id":"https:\/\/villaspelion.eu\/new\/#website","url":"https:\/\/villaspelion.eu\/new\/","name":"Villas in Pelion","description":"Villas for sale in Pelion","potentialAction":[{"@type":"SearchAction","target":{"@type":"EntryPoint","urlTemplate":"https:\/\/villaspelion.eu\/new\/?s={search_term_string}"},"query-input":{"@type":"PropertyValueSpecification","valueRequired":true,"valueName":"search_term_string"}}],"inLanguage":"en-US"}]}},"_links":{"self":[{"href":"https:\/\/villaspelion.eu\/new\/wp-json\/wp\/v2\/pages\/32"}],"collection":[{"href":"https:\/\/villaspelion.eu\/new\/wp-json\/wp\/v2\/pages"}],"about":[{"href":"https:\/\/villaspelion.eu\/new\/wp-json\/wp\/v2\/types\/page"}],"author":[{"embeddable":true,"href":"https:\/\/villaspelion.eu\/new\/wp-json\/wp\/v2\/users\/1"}],"replies":[{"embeddable":true,"href":"https:\/\/villaspelion.eu\/new\/wp-json\/wp\/v2\/comments?post=32"}],"version-history":[{"count":13,"href":"https:\/\/villaspelion.eu\/new\/wp-json\/wp\/v2\/pages\/32\/revisions"}],"predecessor-version":[{"id":1357,"href":"https:\/\/villaspelion.eu\/new\/wp-json\/wp\/v2\/pages\/32\/revisions\/1357"}],"wp:attachment":[{"href":"https:\/\/villaspelion.eu\/new\/wp-json\/wp\/v2\/media?parent=32"}],"curies":[{"name":"wp","href":"https:\/\/api.w.org\/{rel}","templated":true}]}}